{"id":253101,"date":"2022-12-03T19:30:35","date_gmt":"2022-12-04T00:30:35","guid":{"rendered":"https:\/\/co.nacionsushi.com\/?page_id=253101"},"modified":"2024-03-19T15:49:22","modified_gmt":"2024-03-19T20:49:22","slug":"restaurantes","status":"publish","type":"page","link":"https:\/\/nacionsushi.com\/cr\/restaurantes\/","title":{"rendered":"Restaurantes"},"content":{"rendered":"<p>[et_pb_section fb_built=&#8221;1&#8243; admin_label=&#8221;Hero Section&#8221; _builder_version=&#8221;4.19.2&#8243; background_color_gradient_direction=&#8221;131deg&#8221; background_image=&#8221;https:\/\/nacionsushi.com\/cr\/wp-content\/uploads\/sites\/6\/2022\/12\/header-restaurantes-min-2-min-scaled.jpg&#8221; height=&#8221;1080px&#8221; max_height=&#8221;600px&#8221; custom_margin=&#8221;-225px||||false|false&#8221; custom_padding=&#8221;110px|0px|110px|0px&#8221; animation_direction=&#8221;top&#8221; global_colors_info=&#8221;{}&#8221;][et_pb_row _builder_version=&#8221;4.19.2&#8243; _module_preset=&#8221;default&#8221; global_colors_info=&#8221;{}&#8221;][et_pb_column type=&#8221;4_4&#8243; _builder_version=&#8221;4.19.2&#8243; _module_preset=&#8221;default&#8221; global_colors_info=&#8221;{}&#8221;][\/et_pb_column][\/et_pb_row][\/et_pb_section][et_pb_section fb_built=&#8221;1&#8243; _builder_version=&#8221;4.19.2&#8243; _module_preset=&#8221;default&#8221; background_color=&#8221;#ff5892&#8243; global_colors_info=&#8221;{}&#8221;][et_pb_row _builder_version=&#8221;4.19.2&#8243; _module_preset=&#8221;default&#8221; width=&#8221;90%&#8221; max_width=&#8221;90%&#8221; custom_margin=&#8221;0px||0px||true|false&#8221; custom_padding=&#8221;0px||0px||true|false&#8221; global_colors_info=&#8221;{}&#8221;][et_pb_column type=&#8221;4_4&#8243; _builder_version=&#8221;4.19.2&#8243; _module_preset=&#8221;default&#8221; global_colors_info=&#8221;{}&#8221;][et_pb_image src=&#8221;https:\/\/nacionsushi.com\/cr\/wp-content\/uploads\/sites\/6\/2022\/12\/nuestros-restaurantes-son.png&#8221; title_text=&#8221;nuestros-restaurantes-son&#8221; align=&#8221;center&#8221; _builder_version=&#8221;4.19.2&#8243; _module_preset=&#8221;default&#8221; global_colors_info=&#8221;{}&#8221;][\/et_pb_image][\/et_pb_column][\/et_pb_row][\/et_pb_section][et_pb_section fb_built=&#8221;1&#8243; admin_label=&#8221;Classes Section&#8221; _builder_version=&#8221;4.19.2&#8243; background_enable_color=&#8221;off&#8221; custom_padding=&#8221;91px||91px|&#8221; global_colors_info=&#8221;{}&#8221;][et_pb_row column_structure=&#8221;1_3,1_3,1_3&#8243; use_custom_gutter=&#8221;on&#8221; gutter_width=&#8221;2&#8243; make_equal=&#8221;on&#8221; admin_label=&#8221;Classes Area&#8221; _builder_version=&#8221;4.19.2&#8243; width=&#8221;90%&#8221; max_width=&#8221;90%&#8221; use_custom_width=&#8221;on&#8221; custom_width_px=&#8221;1440px&#8221; global_colors_info=&#8221;{}&#8221;][et_pb_column type=&#8221;1_3&#8243; _builder_version=&#8221;4.19.2&#8243; background_color=&#8221;#ff5892&#8243; custom_padding=&#8221;||2em||false|false&#8221; global_colors_info=&#8221;{}&#8221; custom_padding__hover=&#8221;|||&#8221;][et_pb_image src=&#8221;https:\/\/nacionsushi.com\/cr\/wp-content\/uploads\/sites\/6\/2022\/10\/restaurante-770&#215;515-crop-c0-5__0-5-370&#215;258-85.jpeg&#8221; title_text=&#8221;restaurante-770&#215;515-crop-c0-5__0-5-370&#215;258-85&#8243; url=&#8221;https:\/\/waze.com\/ul\/hd1u0t86qb&#8221; force_fullwidth=&#8221;on&#8221; align_tablet=&#8221;center&#8221; align_phone=&#8221;center&#8221; align_last_edited=&#8221;on|desktop&#8221; admin_label=&#8221;Escazu&#8221; _builder_version=&#8221;4.24.2&#8243; custom_margin=&#8221;||0px|&#8221; global_colors_info=&#8221;{}&#8221;][\/et_pb_image][et_pb_text admin_label=&#8221;Title&#8221; _builder_version=&#8221;4.19.5&#8243; text_font=&#8221;palmerlakeprint||||||||&#8221; text_text_color=&#8221;#FFFFFF&#8221; text_font_size=&#8221;7em&#8221; link_font=&#8221;|600||on|||||&#8221; link_text_color=&#8221;#fdb467&#8243; link_font_size=&#8221;16px&#8221; link_letter_spacing=&#8221;3px&#8221; link_line_height=&#8221;1.8em&#8221; header_font=&#8221;palmerlakeprint||||||||&#8221; header_text_align=&#8221;center&#8221; header_font_size=&#8221;4em&#8221; header_line_height=&#8221;0.27em&#8221; header_2_font=&#8221;palmerlakeprint||||||||&#8221; header_2_text_align=&#8221;right&#8221; header_2_font_size=&#8221;4em&#8221; header_2_line_height=&#8221;0.25em&#8221; header_3_font=&#8221;Nexa Heavy|600|||||||&#8221; header_3_text_align=&#8221;center&#8221; header_3_text_color=&#8221;#FFFFFF&#8221; header_3_font_size=&#8221;2em&#8221; background_enable_color=&#8221;off&#8221; transform_skew=&#8221;0deg|-3deg&#8221; transform_skew_linked=&#8221;off&#8221; text_orientation=&#8221;center&#8221; background_layout=&#8221;dark&#8221; custom_margin=&#8221;||||false|false&#8221; custom_padding=&#8221;0.25em||||false|false&#8221; animation_style=&#8221;fade&#8221; global_colors_info=&#8221;{}&#8221;]ESCAZ\u00da[\/et_pb_text][et_pb_text admin_label=&#8221;Title&#8221; _builder_version=&#8221;4.20.2&#8243; text_font=&#8221;palmerlakeprint||||||||&#8221; text_text_color=&#8221;#FFFFFF&#8221; link_font=&#8221;|600||on|||||&#8221; link_text_color=&#8221;#fdb467&#8243; link_font_size=&#8221;16px&#8221; link_letter_spacing=&#8221;3px&#8221; link_line_height=&#8221;1.8em&#8221; header_font=&#8221;Nexa Heavy||||||||&#8221; header_font_size=&#8221;1.5em&#8221; header_line_height=&#8221;1.2em&#8221; header_2_font=&#8221;palmerlakeprint||||||||&#8221; header_2_text_align=&#8221;right&#8221; header_2_font_size=&#8221;4em&#8221; header_2_line_height=&#8221;0.25em&#8221; header_3_font=&#8221;Nexa Heavy|600|||||||&#8221; header_3_text_align=&#8221;center&#8221; header_3_text_color=&#8221;#FFFFFF&#8221; header_3_font_size=&#8221;2em&#8221; background_enable_color=&#8221;off&#8221; text_orientation=&#8221;center&#8221; background_layout=&#8221;dark&#8221; custom_margin=&#8221;||0px||false|false&#8221; custom_padding=&#8221;20px|10px|0px|10px|false|true&#8221; animation_style=&#8221;fade&#8221; global_colors_info=&#8221;{}&#8221;]<\/p>\n<h1>Escaz\u00fa Village, segundo piso. Contiguo al Walmart de San Rafael de Escaz\u00fa.<\/h1>\n<p>&nbsp;<\/p>\n<h1>Dom &#8211; Mi\u00e9 de 11:00 a.m. &#8211; 10:00 p.m.<br \/>Jue &#8211; Sab de 11:00 a.m. &#8211; 11:00 p.m.<\/h1>\n<p>&nbsp;<\/p>\n<h1>Central telef\u00f3nica:<\/h1>\n<h1>+506 2208 8888<\/h1>\n<p>[\/et_pb_text][\/et_pb_column][et_pb_column type=&#8221;1_3&#8243; _builder_version=&#8221;4.19.2&#8243; background_color=&#8221;#ff5892&#8243; custom_padding=&#8221;||2em||false|false&#8221; global_colors_info=&#8221;{}&#8221; custom_padding__hover=&#8221;|||&#8221;][et_pb_image src=&#8221;https:\/\/nacionsushi.com\/cr\/wp-content\/uploads\/sites\/6\/2022\/10\/Pinares-crop-c0-5__0-5-370&#215;258-85.jpeg&#8221; title_text=&#8221;Pinares-crop-c0-5__0-5-370&#215;258-85&#8243; url=&#8221;https:\/\/waze.com\/ul\/hd1u22hkty&#8221; force_fullwidth=&#8221;on&#8221; align_tablet=&#8221;center&#8221; align_phone=&#8221;center&#8221; align_last_edited=&#8221;on|desktop&#8221; admin_label=&#8221;Pinares&#8221; _builder_version=&#8221;4.24.2&#8243; custom_margin=&#8221;||0px|&#8221; locked=&#8221;off&#8221; global_colors_info=&#8221;{}&#8221;][\/et_pb_image][et_pb_text admin_label=&#8221;Title&#8221; _builder_version=&#8221;4.19.5&#8243; text_font=&#8221;palmerlakeprint||||||||&#8221; text_text_color=&#8221;#FFFFFF&#8221; text_font_size=&#8221;7em&#8221; link_font=&#8221;|600||on|||||&#8221; link_text_color=&#8221;#fdb467&#8243; link_font_size=&#8221;16px&#8221; link_letter_spacing=&#8221;3px&#8221; link_line_height=&#8221;1.8em&#8221; header_font=&#8221;palmerlakeprint||||||||&#8221; header_text_align=&#8221;center&#8221; header_font_size=&#8221;4em&#8221; header_line_height=&#8221;0.27em&#8221; header_2_font=&#8221;palmerlakeprint||||||||&#8221; header_2_text_align=&#8221;right&#8221; header_2_font_size=&#8221;4em&#8221; header_2_line_height=&#8221;0.25em&#8221; header_3_font=&#8221;Nexa Heavy|600|||||||&#8221; header_3_text_align=&#8221;center&#8221; header_3_text_color=&#8221;#FFFFFF&#8221; header_3_font_size=&#8221;2em&#8221; background_enable_color=&#8221;off&#8221; transform_skew=&#8221;0deg|-3deg&#8221; transform_skew_linked=&#8221;off&#8221; text_orientation=&#8221;center&#8221; background_layout=&#8221;dark&#8221; custom_margin=&#8221;||||false|false&#8221; custom_padding=&#8221;0.25em||||false|false&#8221; animation_style=&#8221;fade&#8221; global_colors_info=&#8221;{}&#8221;]PINARES[\/et_pb_text][et_pb_text admin_label=&#8221;Title&#8221; _builder_version=&#8221;4.20.1&#8243; text_font=&#8221;palmerlakeprint||||||||&#8221; text_text_color=&#8221;#FFFFFF&#8221; link_font=&#8221;|600||on|||||&#8221; link_text_color=&#8221;#fdb467&#8243; link_font_size=&#8221;16px&#8221; link_letter_spacing=&#8221;3px&#8221; link_line_height=&#8221;1.8em&#8221; header_font=&#8221;Nexa Heavy||||||||&#8221; header_font_size=&#8221;1.5em&#8221; header_line_height=&#8221;1.2em&#8221; header_2_font=&#8221;palmerlakeprint||||||||&#8221; header_2_text_align=&#8221;right&#8221; header_2_font_size=&#8221;4em&#8221; header_2_line_height=&#8221;0.25em&#8221; header_3_font=&#8221;Nexa Heavy|600|||||||&#8221; header_3_text_align=&#8221;center&#8221; header_3_text_color=&#8221;#FFFFFF&#8221; header_3_font_size=&#8221;2em&#8221; background_enable_color=&#8221;off&#8221; text_orientation=&#8221;center&#8221; background_layout=&#8221;dark&#8221; custom_margin=&#8221;||0px||false|false&#8221; custom_padding=&#8221;20px|10px|0px|10px|false|true&#8221; animation_style=&#8221;fade&#8221; global_colors_info=&#8221;{}&#8221;]<\/p>\n<h1>Plaza Cronos, segundo piso, diagonal al Walmart de Pinares Curribadat.<\/h1>\n<p>&nbsp;<\/p>\n<h1>Dom &#8211; Mi\u00e9 de 11:00 a.m. &#8211; 10:00 p.m.<br \/>Jue &#8211; Sab de 11:00 a.m. &#8211; 11:00 p.m.<\/h1>\n<p>&nbsp;<\/p>\n<h1>Central telef\u00f3nica:<\/h1>\n<h1>+506 2208 8888<\/h1>\n<p>[\/et_pb_text][\/et_pb_column][et_pb_column type=&#8221;1_3&#8243; _builder_version=&#8221;4.19.2&#8243; background_color=&#8221;#ff5892&#8243; custom_padding=&#8221;||2em||false|false&#8221; global_colors_info=&#8221;{}&#8221; custom_padding__hover=&#8221;|||&#8221;][et_pb_image src=&#8221;https:\/\/nacionsushi.com\/cr\/wp-content\/uploads\/sites\/6\/2022\/10\/O9A9377-crop-c0-5__0-5-370&#215;258-85.jpeg&#8221; title_text=&#8221;_O9A9377-crop-c0-5__0-5-370&#215;258-85&#8243; url=&#8221;https:\/\/waze.com\/ul\/hd1u0vfrub&#8221; force_fullwidth=&#8221;on&#8221; align_tablet=&#8221;center&#8221; align_phone=&#8221;center&#8221; align_last_edited=&#8221;on|desktop&#8221; admin_label=&#8221;Bratsi&#8221; _builder_version=&#8221;4.24.2&#8243; custom_margin=&#8221;||0px|&#8221; global_colors_info=&#8221;{}&#8221;][\/et_pb_image][et_pb_text admin_label=&#8221;Title&#8221; _builder_version=&#8221;4.19.5&#8243; text_font=&#8221;palmerlakeprint||||||||&#8221; text_text_color=&#8221;#FFFFFF&#8221; text_font_size=&#8221;7em&#8221; text_line_height=&#8221;0.5em&#8221; link_font=&#8221;|600||on|||||&#8221; link_text_color=&#8221;#fdb467&#8243; link_font_size=&#8221;16px&#8221; link_letter_spacing=&#8221;3px&#8221; link_line_height=&#8221;1.8em&#8221; header_font=&#8221;palmerlakeprint||||||||&#8221; header_text_align=&#8221;center&#8221; header_font_size=&#8221;4em&#8221; header_line_height=&#8221;0.27em&#8221; header_2_font=&#8221;palmerlakeprint||||||||&#8221; header_2_text_align=&#8221;right&#8221; header_2_font_size=&#8221;4em&#8221; header_2_line_height=&#8221;0.25em&#8221; header_3_font=&#8221;Nexa Heavy|600|||||||&#8221; header_3_text_align=&#8221;center&#8221; header_3_text_color=&#8221;#FFFFFF&#8221; header_3_font_size=&#8221;2em&#8221; background_enable_color=&#8221;off&#8221; transform_skew=&#8221;0deg|-3deg&#8221; transform_skew_linked=&#8221;off&#8221; text_orientation=&#8221;center&#8221; background_layout=&#8221;dark&#8221; custom_margin=&#8221;||||false|false&#8221; custom_padding=&#8221;0.25em||||false|false&#8221; animation_style=&#8221;fade&#8221; global_colors_info=&#8221;{}&#8221;]HEREDIA[\/et_pb_text][et_pb_text admin_label=&#8221;Title&#8221; _builder_version=&#8221;4.20.2&#8243; text_font=&#8221;palmerlakeprint||||||||&#8221; text_text_color=&#8221;#FFFFFF&#8221; link_font=&#8221;|600||on|||||&#8221; link_text_color=&#8221;#fdb467&#8243; link_font_size=&#8221;16px&#8221; link_letter_spacing=&#8221;3px&#8221; link_line_height=&#8221;1.8em&#8221; header_font=&#8221;Nexa Heavy||||||||&#8221; header_font_size=&#8221;1.5em&#8221; header_line_height=&#8221;1.2em&#8221; header_2_font=&#8221;palmerlakeprint||||||||&#8221; header_2_text_align=&#8221;right&#8221; header_2_font_size=&#8221;4em&#8221; header_2_line_height=&#8221;0.25em&#8221; header_3_font=&#8221;Nexa Heavy|600|||||||&#8221; header_3_text_align=&#8221;center&#8221; header_3_text_color=&#8221;#FFFFFF&#8221; header_3_font_size=&#8221;2em&#8221; background_enable_color=&#8221;off&#8221; text_orientation=&#8221;center&#8221; background_layout=&#8221;dark&#8221; custom_margin=&#8221;||0px||false|false&#8221; custom_padding=&#8221;20px|10px|0px|10px|false|true&#8221; animation_style=&#8221;fade&#8221; global_colors_info=&#8221;{}&#8221;]<\/p>\n<h1>Heredia, Plaza Bratsi, contiguo al Paseo de las Flores.<\/h1>\n<p>&nbsp;<\/p>\n<h1>Dom &#8211; Mi\u00e9 de 11:00 a.m. &#8211; 10:00 p.m.<br \/>Jue &#8211; Sab de 11:00 a.m. &#8211; 11:00 p.m.<\/h1>\n<p>&nbsp;<\/p>\n<h1>Central telef\u00f3nica:<\/h1>\n<h1>+506 2208 8888<\/h1>\n<p>[\/et_pb_text][\/et_pb_column][\/et_pb_row][et_pb_row column_structure=&#8221;1_3,1_3,1_3&#8243; use_custom_gutter=&#8221;on&#8221; gutter_width=&#8221;2&#8243; make_equal=&#8221;on&#8221; admin_label=&#8221;Classes Area&#8221; _builder_version=&#8221;4.19.2&#8243; width=&#8221;90%&#8221; max_width=&#8221;90%&#8221; use_custom_width=&#8221;on&#8221; custom_width_px=&#8221;1440px&#8221; global_colors_info=&#8221;{}&#8221;][et_pb_column type=&#8221;1_3&#8243; _builder_version=&#8221;4.19.2&#8243; background_color=&#8221;#ff5892&#8243; custom_padding=&#8221;||2em||false|false&#8221; global_colors_info=&#8221;{}&#8221; custom_padding__hover=&#8221;|||&#8221;][et_pb_image src=&#8221;https:\/\/nacionsushi.com\/cr\/wp-content\/uploads\/sites\/6\/2023\/03\/cr.png&#8221; title_text=&#8221;restaurante-770&#215;515-crop-c0-5__0-5-370&#215;258-85&#8243; url=&#8221;https:\/\/waze.com\/ul\/hd1u0t86qb&#8221; align_tablet=&#8221;center&#8221; align_phone=&#8221;center&#8221; align_last_edited=&#8221;on|desktop&#8221; admin_label=&#8221;Escazu&#8221; _builder_version=&#8221;4.24.2&#8243; width=&#8221;100%&#8221; max_width=&#8221;100%&#8221; custom_margin=&#8221;||0px|&#8221; global_colors_info=&#8221;{}&#8221;][\/et_pb_image][et_pb_text admin_label=&#8221;Title&#8221; _builder_version=&#8221;4.24.2&#8243; text_font=&#8221;palmerlakeprint||||||||&#8221; text_text_color=&#8221;#FFFFFF&#8221; text_font_size=&#8221;7em&#8221; link_font=&#8221;|600||on|||||&#8221; link_text_color=&#8221;#fdb467&#8243; link_font_size=&#8221;16px&#8221; link_letter_spacing=&#8221;3px&#8221; link_line_height=&#8221;1.8em&#8221; header_font=&#8221;palmerlakeprint||||||||&#8221; header_text_align=&#8221;center&#8221; header_font_size=&#8221;4em&#8221; header_line_height=&#8221;0.27em&#8221; header_2_font=&#8221;palmerlakeprint||||||||&#8221; header_2_text_align=&#8221;right&#8221; header_2_font_size=&#8221;4em&#8221; header_2_line_height=&#8221;0.25em&#8221; header_3_font=&#8221;Nexa Heavy|600|||||||&#8221; header_3_text_align=&#8221;center&#8221; header_3_text_color=&#8221;#FFFFFF&#8221; header_3_font_size=&#8221;2em&#8221; background_enable_color=&#8221;off&#8221; transform_skew=&#8221;0deg|-3deg&#8221; transform_skew_linked=&#8221;off&#8221; text_orientation=&#8221;center&#8221; background_layout=&#8221;dark&#8221; custom_margin=&#8221;||||false|false&#8221; custom_padding=&#8221;0.25em||||false|false&#8221; animation_style=&#8221;fade&#8221; hover_enabled=&#8221;0&#8243; global_colors_info=&#8221;{}&#8221; sticky_enabled=&#8221;0&#8243;]<\/p>\n<p>LINDORA<\/p>\n<p>[\/et_pb_text][et_pb_text admin_label=&#8221;Title&#8221; _builder_version=&#8221;4.20.2&#8243; text_font=&#8221;palmerlakeprint||||||||&#8221; text_text_color=&#8221;#FFFFFF&#8221; link_font=&#8221;|600||on|||||&#8221; link_text_color=&#8221;#fdb467&#8243; link_font_size=&#8221;16px&#8221; link_letter_spacing=&#8221;3px&#8221; link_line_height=&#8221;1.8em&#8221; header_font=&#8221;Nexa Heavy||||||||&#8221; header_font_size=&#8221;1.5em&#8221; header_line_height=&#8221;1.2em&#8221; header_2_font=&#8221;palmerlakeprint||||||||&#8221; header_2_text_align=&#8221;right&#8221; header_2_font_size=&#8221;4em&#8221; header_2_line_height=&#8221;0.25em&#8221; header_3_font=&#8221;Nexa Heavy|600|||||||&#8221; header_3_text_align=&#8221;center&#8221; header_3_text_color=&#8221;#FFFFFF&#8221; header_3_font_size=&#8221;2em&#8221; background_enable_color=&#8221;off&#8221; text_orientation=&#8221;center&#8221; background_layout=&#8221;dark&#8221; custom_margin=&#8221;||0px||false|false&#8221; custom_padding=&#8221;20px|10px|0px|10px|false|true&#8221; animation_style=&#8221;fade&#8221; global_colors_info=&#8221;{}&#8221;]<\/p>\n<h1>Lindora, Terrazas Lindora Mall, Radial Santa Ana &#8211; Belen, segundo piso.<\/h1>\n<p>&nbsp;<\/p>\n<h1>Dom &#8211; Mi\u00e9 de 11:00 a.m. &#8211; 10:00 p.m.<br \/>Jue &#8211; Sab de 11:00 a.m. &#8211; 11:00 p.m.<\/h1>\n<p>&nbsp;<\/p>\n<h1>Central telef\u00f3nica:<\/h1>\n<h1>+506 2208 8888<\/h1>\n<p>[\/et_pb_text][\/et_pb_column][et_pb_column type=&#8221;1_3&#8243; _builder_version=&#8221;4.19.2&#8243; background_color=&#8221;#ff5892&#8243; custom_padding=&#8221;||2em||false|false&#8221; global_colors_info=&#8221;{}&#8221; custom_padding__hover=&#8221;|||&#8221;][et_pb_image src=&#8221;https:\/\/nacionsushi.com\/cr\/wp-content\/uploads\/sites\/6\/2024\/03\/1aleste.jpg&#8221; title_text=&#8221;1aleste&#8221; url=&#8221;https:\/\/waze.com\/ul\/hd1u22n1zr&#8221; force_fullwidth=&#8221;on&#8221; align_tablet=&#8221;center&#8221; align_phone=&#8221;center&#8221; align_last_edited=&#8221;on|desktop&#8221; admin_label=&#8221;Pinares&#8221; _builder_version=&#8221;4.24.2&#8243; custom_margin=&#8221;||0px|&#8221; locked=&#8221;off&#8221; global_colors_info=&#8221;{}&#8221;][\/et_pb_image][et_pb_text admin_label=&#8221;Title&#8221; _builder_version=&#8221;4.24.2&#8243; text_font=&#8221;palmerlakeprint||||||||&#8221; text_text_color=&#8221;#FFFFFF&#8221; text_font_size=&#8221;7em&#8221; link_font=&#8221;|600||on|||||&#8221; link_text_color=&#8221;#fdb467&#8243; link_font_size=&#8221;16px&#8221; link_letter_spacing=&#8221;3px&#8221; link_line_height=&#8221;1.8em&#8221; header_font=&#8221;palmerlakeprint||||||||&#8221; header_text_align=&#8221;center&#8221; header_font_size=&#8221;4em&#8221; header_line_height=&#8221;0.27em&#8221; header_2_font=&#8221;palmerlakeprint||||||||&#8221; header_2_text_align=&#8221;right&#8221; header_2_font_size=&#8221;4em&#8221; header_2_line_height=&#8221;0.25em&#8221; header_3_font=&#8221;Nexa Heavy|600|||||||&#8221; header_3_text_align=&#8221;center&#8221; header_3_text_color=&#8221;#FFFFFF&#8221; header_3_font_size=&#8221;2em&#8221; background_enable_color=&#8221;off&#8221; transform_skew=&#8221;0deg|-3deg&#8221; transform_skew_linked=&#8221;off&#8221; text_orientation=&#8221;center&#8221; background_layout=&#8221;dark&#8221; custom_margin=&#8221;||||false|false&#8221; custom_padding=&#8221;0.25em||||false|false&#8221; animation_style=&#8221;fade&#8221; hover_enabled=&#8221;0&#8243; global_colors_info=&#8221;{}&#8221; sticky_enabled=&#8221;0&#8243;]<\/p>\n<p>Aleste<\/p>\n<p>[\/et_pb_text][et_pb_text admin_label=&#8221;Title&#8221; _builder_version=&#8221;4.20.1&#8243; text_font=&#8221;palmerlakeprint||||||||&#8221; text_text_color=&#8221;#FFFFFF&#8221; link_font=&#8221;|600||on|||||&#8221; link_text_color=&#8221;#fdb467&#8243; link_font_size=&#8221;16px&#8221; link_letter_spacing=&#8221;3px&#8221; link_line_height=&#8221;1.8em&#8221; header_font=&#8221;Nexa Heavy||||||||&#8221; header_font_size=&#8221;1.5em&#8221; header_line_height=&#8221;1.2em&#8221; header_2_font=&#8221;palmerlakeprint||||||||&#8221; header_2_text_align=&#8221;right&#8221; header_2_font_size=&#8221;4em&#8221; header_2_line_height=&#8221;0.25em&#8221; header_3_font=&#8221;Nexa Heavy|600|||||||&#8221; header_3_text_align=&#8221;center&#8221; header_3_text_color=&#8221;#FFFFFF&#8221; header_3_font_size=&#8221;2em&#8221; background_enable_color=&#8221;off&#8221; text_orientation=&#8221;center&#8221; background_layout=&#8221;dark&#8221; custom_margin=&#8221;||0px||false|false&#8221; custom_padding=&#8221;20px|10px|0px|10px|false|true&#8221; animation_style=&#8221;fade&#8221; global_colors_info=&#8221;{}&#8221;]<\/p>\n<h1>Centro Comercial Aleste frente al colegio SEK.<br \/>\u00a0<br \/>Dom \u2013 Mi\u00e9 de 11:00 a.m. \u2013 10:00 p.m.<br \/>Jue \u2013 Sab de 11:00 a.m. \u2013 11:00 p.m.<\/h1>\n<p>&nbsp;<\/p>\n<h1>Central telef\u00f3nica:<\/h1>\n<h1>+506 2208 8888<\/h1>\n<p>[\/et_pb_text][\/et_pb_column][et_pb_column type=&#8221;1_3&#8243; _builder_version=&#8221;4.24.2&#8243; background_enable_color=&#8221;off&#8221; custom_padding=&#8221;||2em||false|false&#8221; global_colors_info=&#8221;{}&#8221; custom_padding__hover=&#8221;|||&#8221;][\/et_pb_column][\/et_pb_row][\/et_pb_section]<\/p>\n","protected":false},"excerpt":{"rendered":"<p>ESCAZ\u00daEscaz\u00fa Village, segundo piso. Contiguo al Walmart de San Rafael de Escaz\u00fa. &nbsp; Dom &#8211; Mi\u00e9 de 11:00 a.m. &#8211; 10:00 p.m.Jue &#8211; Sab de 11:00 a.m. &#8211; 11:00 p.m. &nbsp; Central telef\u00f3nica: +506 2208 8888PINARESPlaza Cronos, segundo piso, diagonal al Walmart de Pinares Curribadat. &nbsp; Dom &#8211; Mi\u00e9 de 11:00 a.m. &#8211; 10:00 p.m.Jue [&hellip;]<\/p>\n","protected":false},"author":2,"featured_media":0,"parent":0,"menu_order":0,"comment_status":"closed","ping_status":"closed","template":"","meta":{"_et_pb_use_builder":"on","_et_pb_old_content":"","_et_gb_content_width":"","_monsterinsights_skip_tracking":false,"_monsterinsights_sitenote_active":false,"_monsterinsights_sitenote_note":"","_monsterinsights_sitenote_category":0,"footnotes":""},"class_list":["post-253101","page","type-page","status-publish","hentry"],"_links":{"self":[{"href":"https:\/\/nacionsushi.com\/cr\/wp-json\/wp\/v2\/pages\/253101","targetHints":{"allow":["GET"]}}],"collection":[{"href":"https:\/\/nacionsushi.com\/cr\/wp-json\/wp\/v2\/pages"}],"about":[{"href":"https:\/\/nacionsushi.com\/cr\/wp-json\/wp\/v2\/types\/page"}],"author":[{"embeddable":true,"href":"https:\/\/nacionsushi.com\/cr\/wp-json\/wp\/v2\/users\/2"}],"replies":[{"embeddable":true,"href":"https:\/\/nacionsushi.com\/cr\/wp-json\/wp\/v2\/comments?post=253101"}],"version-history":[{"count":87,"href":"https:\/\/nacionsushi.com\/cr\/wp-json\/wp\/v2\/pages\/253101\/revisions"}],"predecessor-version":[{"id":255143,"href":"https:\/\/nacionsushi.com\/cr\/wp-json\/wp\/v2\/pages\/253101\/revisions\/255143"}],"wp:attachment":[{"href":"https:\/\/nacionsushi.com\/cr\/wp-json\/wp\/v2\/media?parent=253101"}],"curies":[{"name":"wp","href":"https:\/\/api.w.org\/{rel}","templated":true}]}}