{"id":244789,"date":"2022-09-14T09:18:36","date_gmt":"2022-09-14T14:18:36","guid":{"rendered":"https:\/\/naciondelivery.com\/nacion\/?page_id=244789"},"modified":"2022-11-25T18:56:30","modified_gmt":"2022-11-25T23:56:30","slug":"sedes","status":"publish","type":"page","link":"https:\/\/nacionsushi.com\/es\/sedes\/","title":{"rendered":"Sedes"},"content":{"rendered":"<p>[et_pb_section fb_built=&#8221;1&#8243; admin_label=&#8221;Header&#8221; _builder_version=&#8221;4.18.0&#8243; _module_preset=&#8221;default&#8221; background_image=&#8221;https:\/\/nacionsushi.com\/wp-content\/uploads\/sites\/3\/2022\/09\/banner_background-sede.jpeg&#8221; custom_margin=&#8221;-140px||||false|false&#8221; custom_padding=&#8221;0px||||false|false&#8221; locked=&#8221;off&#8221; global_colors_info=&#8221;{}&#8221;][et_pb_row _builder_version=&#8221;4.16&#8243; _module_preset=&#8221;default&#8221; global_colors_info=&#8221;{}&#8221;][et_pb_column type=&#8221;4_4&#8243; _builder_version=&#8221;4.16&#8243; _module_preset=&#8221;default&#8221; z_index=&#8221;10&#8243; global_colors_info=&#8221;{}&#8221;][et_pb_text _builder_version=&#8221;4.19.1&#8243; _module_preset=&#8221;64726270-e0e9-4f3d-bffe-4708fbfd76fb&#8221; text_font=&#8221;Nexa Heavy||||||||&#8221; text_text_color=&#8221;#FFFFFF&#8221; header_font=&#8221;Nexa Heavy|||on|||||&#8221; header_text_color=&#8221;#FFFFFF&#8221; header_font_size=&#8221;72px&#8221; header_letter_spacing=&#8221;1px&#8221; header_line_height=&#8221;1.3em&#8221; header_font_size_tablet=&#8221;40px&#8221; header_font_size_phone=&#8221;24px&#8221; header_font_size_last_edited=&#8221;on|phone&#8221; locked=&#8221;off&#8221; global_colors_info=&#8221;{}&#8221;]<\/p>\n<p><span style=\"font-size: 40px\">NUESTRAS<\/span><\/p>\n<p><span style=\"font-size: 60px\">SEDES<\/span><\/p>\n<p>[\/et_pb_text][\/et_pb_column][\/et_pb_row][\/et_pb_section][et_pb_section fb_built=&#8221;1&#8243; admin_label=&#8221;Sedes ESP&#8221; _builder_version=&#8221;4.19.1&#8243; _module_preset=&#8221;default&#8221; background_image=&#8221;https:\/\/nacionsushi.com\/wp-content\/uploads\/sites\/3\/2022\/09\/locations_background.jpeg&#8221; display_conditions=&#8221;W10=&#8221; collapsed=&#8221;on&#8221; global_colors_info=&#8221;{}&#8221;][et_pb_row _builder_version=&#8221;4.18.0&#8243; _module_preset=&#8221;default&#8221; global_colors_info=&#8221;{}&#8221;][et_pb_column type=&#8221;4_4&#8243; _builder_version=&#8221;4.18.0&#8243; _module_preset=&#8221;default&#8221; global_colors_info=&#8221;{}&#8221;][et_pb_image src=&#8221;https:\/\/nacionsushi.com\/wp-content\/uploads\/sites\/3\/2022\/09\/linea_divisora.png&#8221; title_text=&#8221;linea_divisora&#8221; align=&#8221;center&#8221; admin_label=&#8221;Image&#8221; _builder_version=&#8221;4.18.0&#8243; _module_preset=&#8221;default&#8221; global_colors_info=&#8221;{}&#8221;][\/et_pb_image][et_pb_text _builder_version=&#8221;4.18.0&#8243; _module_preset=&#8221;default&#8221; text_font=&#8221;Nexa Heavy||||||||&#8221; text_text_color=&#8221;#f37500&#8243; text_font_size=&#8221;4.5em&#8221; text_line_height=&#8221;1em&#8221; header_font=&#8221;Nexa Heavy||||||||&#8221; header_text_align=&#8221;center&#8221; header_font_size=&#8221;3em&#8221; text_orientation=&#8221;center&#8221; global_colors_info=&#8221;{}&#8221;]SOMOS ESPA\u00d1A[\/et_pb_text][\/et_pb_column][\/et_pb_row][et_pb_row column_structure=&#8221;1_3,1_3,1_3&#8243; use_custom_gutter=&#8221;on&#8221; gutter_width=&#8221;2&#8243; admin_label=&#8221;Sedes ESP&#8221; _builder_version=&#8221;4.18.0&#8243; _module_preset=&#8221;default&#8221; display_conditions=&#8221;W10=&#8221; custom_padding=&#8221;15px||15px||true|false&#8221; collapsed=&#8221;on&#8221; global_colors_info=&#8221;{}&#8221;][et_pb_column type=&#8221;1_3&#8243; _builder_version=&#8221;4.18.0&#8243; _module_preset=&#8221;default&#8221; background_enable_image=&#8221;off&#8221; link_option_url=&#8221;#&#8221; border_radii=&#8221;on|4px|4px|4px|4px&#8221; global_colors_info=&#8221;{}&#8221;][et_pb_blurb title=&#8221;Como llegar&#8221; url=&#8221;https:\/\/goo.gl\/maps\/x9CdMo5Vem7o7MYR6&#8243; url_new_window=&#8221;on&#8221; image=&#8221;https:\/\/nacionsushi.com\/wp-content\/uploads\/sites\/3\/2022\/09\/como-llegar.png&#8221; image_icon_width=&#8221;22px&#8221; content_max_width=&#8221;100%&#8221; image_icon_width_tablet=&#8221;22px&#8221; image_icon_width_phone=&#8221;22px&#8221; image_icon_width_last_edited=&#8221;on|phone&#8221; admin_label=&#8221;Blurb Como llegar CDE 2&#8243; module_class=&#8221;et_pb_main_blurb_image&#8221; _builder_version=&#8221;4.18.0&#8243; _module_preset=&#8221;3e17696c-80b2-42c8-b2b5-9d31146ea833&#8243; header_font=&#8221;Work Sans||||||||&#8221; header_text_color=&#8221;#f37500&#8243; header_font_size=&#8221;12px&#8221; header_line_height=&#8221;1.2em&#8221; background_color=&#8221;#FFFFFF&#8221; background_enable_image=&#8221;off&#8221; image_icon_custom_margin=&#8221;||0px||false|false&#8221; image_icon_custom_padding=&#8221;||0px||false|false&#8221; text_orientation=&#8221;center&#8221; custom_margin=&#8221;1em|10em|10em|1em|false|false&#8221; custom_padding=&#8221;13px|10px|0px|10px|false|true&#8221; animation=&#8221;off&#8221; link_option_url=&#8221;https:\/\/goo.gl\/maps\/x9CdMo5Vem7o7MYR6&#8243; link_option_url_new_window=&#8221;on&#8221; header_font_size_tablet=&#8221;12px&#8221; header_font_size_phone=&#8221;&#8221; header_font_size_last_edited=&#8221;on|desktop&#8221; border_radii=&#8221;on|4px|4px|4px|4px&#8221; border_color_all=&#8221;#001b56&#8243; image_max_width=&#8221;48px&#8221; image_max_width_tablet=&#8221;32px&#8221; image_max_width_phone=&#8221;32px&#8221; image_max_width_last_edited=&#8221;on|phone&#8221; locked=&#8221;off&#8221; global_colors_info=&#8221;{}&#8221; background_color__hover=&#8221;#FFFFFF&#8221; background__hover_enabled=&#8221;on|hover&#8221; background_enable_color__hover=&#8221;on&#8221;][\/et_pb_blurb][et_pb_image src=&#8221;https:\/\/nacionsushi.com\/wp-content\/uploads\/sites\/3\/2022\/10\/IMG_3986-crop-c0-5__0-5-370&#215;258-85.jpeg&#8221; title_text=&#8221;IMG_3986-crop-c0-5__0-5-370&#215;258-85&#8243; _builder_version=&#8221;4.18.0&#8243; _module_preset=&#8221;default&#8221; background_enable_image=&#8221;off&#8221; z_index=&#8221;-500&#8243; custom_margin=&#8221;-250px||||false|false&#8221; border_radii=&#8221;on|4px|4px|4px|4px&#8221; global_colors_info=&#8221;{}&#8221;][\/et_pb_image][et_pb_blurb title=&#8221;VALENCIA&#8221; image=&#8221;https:\/\/nacionsushi.com\/wp-content\/uploads\/sites\/3\/2022\/09\/estrella_negra.png&#8221; image_icon_width=&#8221;60px&#8221; admin_label=&#8221;Blurb VALENCIA&#8221; _builder_version=&#8221;4.18.0&#8243; header_font=&#8221;Nexa Heavy||||||||&#8221; header_text_align=&#8221;center&#8221; header_text_color=&#8221;#000000&#8243; header_line_height=&#8221;1.8em&#8221; body_font=&#8221;Nexa Heavy|600|||||||&#8221; body_text_color=&#8221;#000000&#8243; body_font_size=&#8221;12px&#8221; background_color=&#8221;#f37500&#8243; text_orientation=&#8221;center&#8221; width_last_edited=&#8221;off|desktop&#8221; custom_margin=&#8221;-50px|20px||20px|false|true&#8221; custom_padding=&#8221;||20px||false|false&#8221; animation=&#8221;off&#8221; border_radii=&#8221;on|4px|4px|4px|4px&#8221; border_width_all=&#8221;10px&#8221; border_color_all=&#8221;#f37500&#8243; locked=&#8221;off&#8221; global_colors_info=&#8221;{}&#8221;]Centro Comercial Aqua Calle de Menorca, 19, 46023 Val\u00e8ncia. Espa\u00f1a<\/p>\n<p style=\"font-family:Nexa-bold;font-size:14px\">Lun a Dom: 13:00 \u2013 17:00 \/ 20:00 \u2013 24:00<\/p>\n<p>+34 963713612[\/et_pb_blurb][\/et_pb_column][et_pb_column type=&#8221;1_3&#8243; _builder_version=&#8221;4.18.0&#8243; _module_preset=&#8221;default&#8221; background_enable_image=&#8221;off&#8221; link_option_url=&#8221;#&#8221; border_radii=&#8221;on|4px|4px|4px|4px&#8221; global_colors_info=&#8221;{}&#8221;][et_pb_blurb title=&#8221;Como llegar&#8221; url=&#8221;https:\/\/g.page\/nacionsushispain?share&#8221; url_new_window=&#8221;on&#8221; image=&#8221;https:\/\/nacionsushi.com\/wp-content\/uploads\/sites\/3\/2022\/09\/como-llegar.png&#8221; image_icon_width=&#8221;22px&#8221; content_max_width=&#8221;100%&#8221; image_icon_width_tablet=&#8221;22px&#8221; image_icon_width_phone=&#8221;22px&#8221; image_icon_width_last_edited=&#8221;on|phone&#8221; admin_label=&#8221;Blurb Como llegar CDE 2&#8243; module_class=&#8221;et_pb_main_blurb_image&#8221; _builder_version=&#8221;4.18.0&#8243; _module_preset=&#8221;3e17696c-80b2-42c8-b2b5-9d31146ea833&#8243; header_font=&#8221;Work Sans||||||||&#8221; header_text_color=&#8221;#f37500&#8243; header_font_size=&#8221;12px&#8221; header_line_height=&#8221;1.2em&#8221; background_color=&#8221;#FFFFFF&#8221; background_enable_image=&#8221;off&#8221; image_icon_custom_margin=&#8221;||0px||false|false&#8221; image_icon_custom_padding=&#8221;||0px||false|false&#8221; text_orientation=&#8221;center&#8221; custom_margin=&#8221;1em|10em|10em|1em|false|false&#8221; custom_padding=&#8221;13px|10px|0px|10px|false|true&#8221; animation=&#8221;off&#8221; link_option_url=&#8221;https:\/\/g.page\/nacionsushispain?share&#8221; link_option_url_new_window=&#8221;on&#8221; header_font_size_tablet=&#8221;12px&#8221; header_font_size_phone=&#8221;&#8221; header_font_size_last_edited=&#8221;on|desktop&#8221; border_radii=&#8221;on|4px|4px|4px|4px&#8221; border_color_all=&#8221;#001b56&#8243; image_max_width=&#8221;48px&#8221; image_max_width_tablet=&#8221;32px&#8221; image_max_width_phone=&#8221;32px&#8221; image_max_width_last_edited=&#8221;on|phone&#8221; locked=&#8221;off&#8221; global_colors_info=&#8221;{}&#8221; background_color__hover=&#8221;#FFFFFF&#8221; background__hover_enabled=&#8221;on|hover&#8221; background_enable_color__hover=&#8221;on&#8221;][\/et_pb_blurb][et_pb_image src=&#8221;https:\/\/nacionsushi.com\/wp-content\/uploads\/sites\/3\/2022\/10\/valencia-crop-c0-52__0-6-370&#215;258-85.jpeg&#8221; title_text=&#8221;valencia-crop-c0-52__0-6-370&#215;258-85&#8243; _builder_version=&#8221;4.18.0&#8243; _module_preset=&#8221;default&#8221; background_enable_image=&#8221;off&#8221; z_index=&#8221;-500&#8243; custom_margin=&#8221;-250px||||false|false&#8221; border_radii=&#8221;on|4px|4px|4px|4px&#8221; global_colors_info=&#8221;{}&#8221;][\/et_pb_image][et_pb_blurb title=&#8221;VALENCIA&#8221; image=&#8221;https:\/\/nacionsushi.com\/wp-content\/uploads\/sites\/3\/2022\/09\/estrella_negra.png&#8221; image_icon_width=&#8221;60px&#8221; admin_label=&#8221;Blurb VALENCIA&#8221; _builder_version=&#8221;4.19.1&#8243; header_font=&#8221;Nexa Heavy||||||||&#8221; header_text_align=&#8221;center&#8221; header_text_color=&#8221;#000000&#8243; header_line_height=&#8221;1.8em&#8221; body_font=&#8221;Nexa Heavy|600|||||||&#8221; body_text_color=&#8221;#000000&#8243; body_font_size=&#8221;12px&#8221; background_color=&#8221;#f37500&#8243; text_orientation=&#8221;center&#8221; width_last_edited=&#8221;off|desktop&#8221; custom_margin=&#8221;-50px|20px||20px|false|true&#8221; custom_padding=&#8221;||20px||false|false&#8221; animation=&#8221;off&#8221; hover_enabled=&#8221;0&#8243; border_radii=&#8221;on|4px|4px|4px|4px&#8221; border_width_all=&#8221;10px&#8221; border_color_all=&#8221;#f37500&#8243; locked=&#8221;off&#8221; global_colors_info=&#8221;{}&#8221; sticky_enabled=&#8221;0&#8243;]<\/p>\n<p>Gran V\u00eda Marqu\u00e9s del Turia, 43, Val\u00e8ncia. Espa\u00f1a<\/p>\n<p style=\"font-family: Nexa-bold;font-size: 14px\">Lun a Dom: 13:00 \u2013 17:00 \/ 20:00 \u2013 24:00<\/p>\n<p>+34 961 679 251<\/p>\n<p>[\/et_pb_blurb][\/et_pb_column][et_pb_column type=&#8221;1_3&#8243; _builder_version=&#8221;4.18.0&#8243; _module_preset=&#8221;default&#8221; background_enable_image=&#8221;off&#8221; link_option_url=&#8221;#&#8221; border_radii=&#8221;on|4px|4px|4px|4px&#8221; global_colors_info=&#8221;{}&#8221;][et_pb_blurb title=&#8221;Como llegar&#8221; url=&#8221;https:\/\/goo.gl\/maps\/H5qtPkuHTqeevUHAA&#8221; url_new_window=&#8221;on&#8221; image=&#8221;https:\/\/nacionsushi.com\/wp-content\/uploads\/sites\/3\/2022\/09\/como-llegar.png&#8221; image_icon_width=&#8221;22px&#8221; content_max_width=&#8221;100%&#8221; image_icon_width_tablet=&#8221;22px&#8221; image_icon_width_phone=&#8221;22px&#8221; image_icon_width_last_edited=&#8221;on|phone&#8221; admin_label=&#8221;Blurb Como llegar CDE 2&#8243; module_class=&#8221;et_pb_main_blurb_image&#8221; _builder_version=&#8221;4.19.1&#8243; _module_preset=&#8221;3e17696c-80b2-42c8-b2b5-9d31146ea833&#8243; header_font=&#8221;Work Sans||||||||&#8221; header_text_color=&#8221;#f37500&#8243; header_font_size=&#8221;12px&#8221; header_line_height=&#8221;1.2em&#8221; background_color=&#8221;#FFFFFF&#8221; background_enable_image=&#8221;off&#8221; image_icon_custom_margin=&#8221;||0px||false|false&#8221; image_icon_custom_padding=&#8221;||0px||false|false&#8221; text_orientation=&#8221;center&#8221; custom_margin=&#8221;1em|10em|10em|1em|false|false&#8221; custom_padding=&#8221;13px|10px|0px|10px|false|true&#8221; animation=&#8221;off&#8221; link_option_url=&#8221;https:\/\/goo.gl\/maps\/H5qtPkuHTqeevUHAA&#8221; link_option_url_new_window=&#8221;on&#8221; header_font_size_tablet=&#8221;12px&#8221; header_font_size_phone=&#8221;&#8221; header_font_size_last_edited=&#8221;on|desktop&#8221; border_radii=&#8221;on|4px|4px|4px|4px&#8221; border_color_all=&#8221;#001b56&#8243; image_max_width=&#8221;48px&#8221; image_max_width_tablet=&#8221;32px&#8221; image_max_width_phone=&#8221;32px&#8221; image_max_width_last_edited=&#8221;on|phone&#8221; locked=&#8221;off&#8221; global_colors_info=&#8221;{}&#8221; background_color__hover=&#8221;#FFFFFF&#8221; background__hover_enabled=&#8221;on|hover&#8221; background_enable_color__hover=&#8221;on&#8221;][\/et_pb_blurb][et_pb_image src=&#8221;https:\/\/nacionsushi.com\/es\/wp-content\/uploads\/sites\/3\/2022\/11\/20220901_210139-1-scaled.jpg&#8221; title_text=&#8221;20220901_210139 (1)&#8221; _builder_version=&#8221;4.19.1&#8243; _module_preset=&#8221;default&#8221; background_enable_image=&#8221;off&#8221; z_index=&#8221;-500&#8243; min_height=&#8221;280.4px&#8221; custom_margin=&#8221;-250px||-88px||false|false&#8221; border_radii=&#8221;on|4px|4px|4px|4px&#8221; global_colors_info=&#8221;{}&#8221;][\/et_pb_image][et_pb_blurb title=&#8221;MADRID NORTE&#8221; image=&#8221;https:\/\/nacionsushi.com\/wp-content\/uploads\/sites\/3\/2022\/09\/estrella_negra.png&#8221; image_icon_width=&#8221;60px&#8221; admin_label=&#8221;Blurb MADRID&#8221; _builder_version=&#8221;4.19.1&#8243; header_font=&#8221;Nexa Heavy||||||||&#8221; header_text_align=&#8221;center&#8221; header_text_color=&#8221;#000000&#8243; header_line_height=&#8221;1.8em&#8221; body_font=&#8221;Nexa Heavy|600|||||||&#8221; body_text_color=&#8221;#000000&#8243; body_font_size=&#8221;12px&#8221; background_color=&#8221;#f37500&#8243; text_orientation=&#8221;center&#8221; width=&#8221;88.2040695959894%&#8221; width_last_edited=&#8221;off|desktop&#8221; custom_margin=&#8221;-65px|20px||20px|false|true&#8221; custom_padding=&#8221;||20px|4px|false|false&#8221; animation=&#8221;off&#8221; hover_enabled=&#8221;0&#8243; border_radii=&#8221;on|4px|4px|4px|4px&#8221; border_width_all=&#8221;10px&#8221; border_color_all=&#8221;#f37500&#8243; locked=&#8221;off&#8221; global_colors_info=&#8221;{}&#8221; sticky_enabled=&#8221;0&#8243;]<\/p>\n<p>Avenida Siglo XXI, 16 Boadilla del Monte.<\/p>\n<p>28660 , Madrid &#8211; Espa\u00f1a<\/p>\n<p style=\"font-family: Nexa-bold;font-size: 14px\">Lun a Dom: 13:00 &#8211; 16:00\/20:00 pm a 23:30 pm<\/p>\n<p>+34 915412090<\/p>\n<p>[\/et_pb_blurb][\/et_pb_column][\/et_pb_row][et_pb_row column_structure=&#8221;1_3,1_3,1_3&#8243; use_custom_gutter=&#8221;on&#8221; gutter_width=&#8221;2&#8243; admin_label=&#8221;Sedes ESP&#8221; _builder_version=&#8221;4.18.0&#8243; _module_preset=&#8221;default&#8221; display_conditions=&#8221;W10=&#8221; custom_padding=&#8221;15px||15px||true|false&#8221; collapsed=&#8221;on&#8221; global_colors_info=&#8221;{}&#8221;][et_pb_column type=&#8221;1_3&#8243; _builder_version=&#8221;4.18.0&#8243; _module_preset=&#8221;default&#8221; background_enable_image=&#8221;off&#8221; link_option_url=&#8221;#&#8221; border_radii=&#8221;on|4px|4px|4px|4px&#8221; global_colors_info=&#8221;{}&#8221;][et_pb_blurb title=&#8221;Como llegar&#8221; url=&#8221;https:\/\/goo.gl\/maps\/Sw3mspycMbzQrnqU7&#8243; url_new_window=&#8221;on&#8221; image=&#8221;https:\/\/nacionsushi.com\/wp-content\/uploads\/sites\/3\/2022\/09\/como-llegar.png&#8221; image_icon_width=&#8221;22px&#8221; content_max_width=&#8221;100%&#8221; image_icon_width_tablet=&#8221;22px&#8221; image_icon_width_phone=&#8221;22px&#8221; image_icon_width_last_edited=&#8221;on|phone&#8221; admin_label=&#8221;Blurb Como llegar CDE 2&#8243; module_class=&#8221;et_pb_main_blurb_image&#8221; _builder_version=&#8221;4.18.0&#8243; _module_preset=&#8221;3e17696c-80b2-42c8-b2b5-9d31146ea833&#8243; header_font=&#8221;Work Sans||||||||&#8221; header_text_color=&#8221;#f37500&#8243; header_font_size=&#8221;12px&#8221; header_line_height=&#8221;1.2em&#8221; background_color=&#8221;#FFFFFF&#8221; background_enable_image=&#8221;off&#8221; image_icon_custom_margin=&#8221;||0px||false|false&#8221; image_icon_custom_padding=&#8221;||0px||false|false&#8221; text_orientation=&#8221;center&#8221; custom_margin=&#8221;1em|10em|10em|1em|false|false&#8221; custom_padding=&#8221;13px|10px|0px|10px|false|true&#8221; animation=&#8221;off&#8221; link_option_url=&#8221;https:\/\/goo.gl\/maps\/Sw3mspycMbzQrnqU7&#8243; link_option_url_new_window=&#8221;on&#8221; header_font_size_tablet=&#8221;12px&#8221; header_font_size_phone=&#8221;&#8221; header_font_size_last_edited=&#8221;on|desktop&#8221; border_radii=&#8221;on|4px|4px|4px|4px&#8221; border_color_all=&#8221;#001b56&#8243; image_max_width=&#8221;48px&#8221; image_max_width_tablet=&#8221;32px&#8221; image_max_width_phone=&#8221;32px&#8221; image_max_width_last_edited=&#8221;on|phone&#8221; locked=&#8221;off&#8221; global_colors_info=&#8221;{}&#8221; background_color__hover=&#8221;#FFFFFF&#8221; background__hover_enabled=&#8221;on|hover&#8221; background_enable_color__hover=&#8221;on&#8221;][\/et_pb_blurb][et_pb_image src=&#8221;https:\/\/nacionsushi.com\/wp-content\/uploads\/sites\/3\/2022\/10\/IMG_3986-crop-c0-5__0-5-370&#215;258-85.jpeg&#8221; title_text=&#8221;IMG_3986-crop-c0-5__0-5-370&#215;258-85&#8243; _builder_version=&#8221;4.18.0&#8243; _module_preset=&#8221;default&#8221; background_enable_image=&#8221;off&#8221; z_index=&#8221;-500&#8243; custom_margin=&#8221;-250px||||false|false&#8221; border_radii=&#8221;on|4px|4px|4px|4px&#8221; global_colors_info=&#8221;{}&#8221;][\/et_pb_image][et_pb_blurb title=&#8221;SEVILLA&#8221; image=&#8221;https:\/\/nacionsushi.com\/wp-content\/uploads\/sites\/3\/2022\/09\/estrella_negra.png&#8221; image_icon_width=&#8221;60px&#8221; admin_label=&#8221;Blurb SEVILLA&#8221; _builder_version=&#8221;4.18.0&#8243; header_font=&#8221;Nexa Heavy||||||||&#8221; header_text_align=&#8221;center&#8221; header_text_color=&#8221;#000000&#8243; header_line_height=&#8221;1.8em&#8221; body_font=&#8221;Nexa Heavy|600|||||||&#8221; body_text_color=&#8221;#000000&#8243; body_font_size=&#8221;12px&#8221; background_color=&#8221;#f37500&#8243; text_orientation=&#8221;center&#8221; width_last_edited=&#8221;off|desktop&#8221; custom_margin=&#8221;-50px|20px||20px|false|true&#8221; custom_padding=&#8221;||20px||false|false&#8221; animation=&#8221;off&#8221; border_radii=&#8221;on|4px|4px|4px|4px&#8221; border_width_all=&#8221;10px&#8221; border_color_all=&#8221;#f37500&#8243; locked=&#8221;off&#8221; global_colors_info=&#8221;{}&#8221;]Calle Fern\u00e1ndez y Gonz\u00e1lez 4, local 3, 41001.<\/p>\n<p style=\"font-family:Nexa-bold;font-size:14px\">Lun a Dom 12pm a 12am<\/p>\n<p>+34 954 85 63 22[\/et_pb_blurb][\/et_pb_column][et_pb_column type=&#8221;1_3&#8243; _builder_version=&#8221;4.18.0&#8243; _module_preset=&#8221;default&#8221; background_enable_image=&#8221;off&#8221; link_option_url=&#8221;#&#8221; border_radii=&#8221;on|4px|4px|4px|4px&#8221; global_colors_info=&#8221;{}&#8221;][et_pb_blurb title=&#8221;Como llegar&#8221; url=&#8221;https:\/\/goo.gl\/maps\/rY7zQFoi2w7fqNya8&#8243; url_new_window=&#8221;on&#8221; image=&#8221;https:\/\/nacionsushi.com\/wp-content\/uploads\/sites\/3\/2022\/09\/como-llegar.png&#8221; image_icon_width=&#8221;22px&#8221; content_max_width=&#8221;100%&#8221; image_icon_width_tablet=&#8221;22px&#8221; image_icon_width_phone=&#8221;22px&#8221; image_icon_width_last_edited=&#8221;on|phone&#8221; admin_label=&#8221;Blurb Como llegar CDE 2&#8243; module_class=&#8221;et_pb_main_blurb_image&#8221; _builder_version=&#8221;4.18.0&#8243; _module_preset=&#8221;3e17696c-80b2-42c8-b2b5-9d31146ea833&#8243; header_font=&#8221;Work Sans||||||||&#8221; header_text_color=&#8221;#f37500&#8243; header_font_size=&#8221;12px&#8221; header_line_height=&#8221;1.2em&#8221; background_color=&#8221;#FFFFFF&#8221; background_enable_image=&#8221;off&#8221; image_icon_custom_margin=&#8221;||0px||false|false&#8221; image_icon_custom_padding=&#8221;||0px||false|false&#8221; text_orientation=&#8221;center&#8221; custom_margin=&#8221;1em|10em|10em|1em|false|false&#8221; custom_padding=&#8221;13px|10px|0px|10px|false|true&#8221; animation=&#8221;off&#8221; link_option_url=&#8221;https:\/\/goo.gl\/maps\/rY7zQFoi2w7fqNya8&#8243; link_option_url_new_window=&#8221;on&#8221; header_font_size_tablet=&#8221;12px&#8221; header_font_size_phone=&#8221;&#8221; header_font_size_last_edited=&#8221;on|desktop&#8221; border_radii=&#8221;on|4px|4px|4px|4px&#8221; border_color_all=&#8221;#001b56&#8243; image_max_width=&#8221;48px&#8221; image_max_width_tablet=&#8221;32px&#8221; image_max_width_phone=&#8221;32px&#8221; image_max_width_last_edited=&#8221;on|phone&#8221; locked=&#8221;off&#8221; global_colors_info=&#8221;{}&#8221; background_color__hover=&#8221;#FFFFFF&#8221; background__hover_enabled=&#8221;on|hover&#8221; background_enable_color__hover=&#8221;on&#8221;][\/et_pb_blurb][et_pb_image src=&#8221;https:\/\/nacionsushi.com\/wp-content\/uploads\/sites\/3\/2022\/10\/foto_nacionsushi_torrente_-crop-c0-5__0-5-370&#215;258-85.jpeg&#8221; title_text=&#8221;foto_nacionsushi_torrente_-crop-c0-5__0-5-370&#215;258-85&#8243; _builder_version=&#8221;4.18.0&#8243; _module_preset=&#8221;default&#8221; background_enable_image=&#8221;off&#8221; z_index=&#8221;-500&#8243; custom_margin=&#8221;-250px||||false|false&#8221; border_radii=&#8221;on|4px|4px|4px|4px&#8221; global_colors_info=&#8221;{}&#8221;][\/et_pb_image][et_pb_blurb title=&#8221;TORRENTE (VALENCIA)&#8221; image=&#8221;https:\/\/nacionsushi.com\/wp-content\/uploads\/sites\/3\/2022\/09\/estrella_negra.png&#8221; image_icon_width=&#8221;60px&#8221; admin_label=&#8221;Blurb TORRENTE (VALENCIA)&#8221; _builder_version=&#8221;4.18.0&#8243; header_font=&#8221;Nexa Heavy||||||||&#8221; header_text_align=&#8221;center&#8221; header_text_color=&#8221;#000000&#8243; header_line_height=&#8221;1.8em&#8221; body_font=&#8221;Nexa Heavy|600|||||||&#8221; body_text_color=&#8221;#000000&#8243; body_font_size=&#8221;12px&#8221; background_color=&#8221;#f37500&#8243; text_orientation=&#8221;center&#8221; width_last_edited=&#8221;off|desktop&#8221; custom_margin=&#8221;-50px|20px||20px|false|true&#8221; custom_padding=&#8221;||20px||false|false&#8221; animation=&#8221;off&#8221; border_radii=&#8221;on|4px|4px|4px|4px&#8221; border_width_all=&#8221;10px&#8221; border_color_all=&#8221;#f37500&#8243; locked=&#8221;off&#8221; global_colors_info=&#8221;{}&#8221;]<\/p>\n<p>Solo Delivery y Take away<\/p>\n<p>Ronda Vicente Pallard\u00f3 103 Bajo 18<\/p>\n<p style=\"font-family: Nexa-bold;font-size: 14px\">Mie a Dom; 13:00 \u2013 16:00 \/ 20:00 \u2013 23:00<\/p>\n<p>+34 963931522<\/p>\n<p>[\/et_pb_blurb][\/et_pb_column][et_pb_column type=&#8221;1_3&#8243; _builder_version=&#8221;4.18.0&#8243; _module_preset=&#8221;default&#8221; background_enable_image=&#8221;off&#8221; link_option_url=&#8221;#&#8221; border_radii=&#8221;on|4px|4px|4px|4px&#8221; global_colors_info=&#8221;{}&#8221;][\/et_pb_column][\/et_pb_row][\/et_pb_section]<\/p>\n","protected":false},"excerpt":{"rendered":"<p>NUESTRAS SEDESSOMOS ESPA\u00d1ACentro Comercial Aqua Calle de Menorca, 19, 46023 Val\u00e8ncia. Espa\u00f1a Lun a Dom: 13:00 \u2013 17:00 \/ 20:00 \u2013 24:00 +34 963713612Gran V\u00eda Marqu\u00e9s del Turia, 43, Val\u00e8ncia. Espa\u00f1a Lun a Dom: 13:00 \u2013 17:00 \/ 20:00 \u2013 24:00 +34 961 679 251Avenida Siglo XXI, 16 Boadilla del Monte. 28660 , Madrid &#8211; [&hellip;]<\/p>\n","protected":false},"author":2,"featured_media":0,"parent":0,"menu_order":0,"comment_status":"closed","ping_status":"closed","template":"","meta":{"_et_pb_use_builder":"on","_et_pb_old_content":"","_et_gb_content_width":"","_monsterinsights_skip_tracking":false,"_monsterinsights_sitenote_active":false,"_monsterinsights_sitenote_note":"","_monsterinsights_sitenote_category":0,"footnotes":""},"class_list":["post-244789","page","type-page","status-publish","hentry"],"_links":{"self":[{"href":"https:\/\/nacionsushi.com\/es\/wp-json\/wp\/v2\/pages\/244789","targetHints":{"allow":["GET"]}}],"collection":[{"href":"https:\/\/nacionsushi.com\/es\/wp-json\/wp\/v2\/pages"}],"about":[{"href":"https:\/\/nacionsushi.com\/es\/wp-json\/wp\/v2\/types\/page"}],"author":[{"embeddable":true,"href":"https:\/\/nacionsushi.com\/es\/wp-json\/wp\/v2\/users\/2"}],"replies":[{"embeddable":true,"href":"https:\/\/nacionsushi.com\/es\/wp-json\/wp\/v2\/comments?post=244789"}],"version-history":[{"count":180,"href":"https:\/\/nacionsushi.com\/es\/wp-json\/wp\/v2\/pages\/244789\/revisions"}],"predecessor-version":[{"id":250921,"href":"https:\/\/nacionsushi.com\/es\/wp-json\/wp\/v2\/pages\/244789\/revisions\/250921"}],"wp:attachment":[{"href":"https:\/\/nacionsushi.com\/es\/wp-json\/wp\/v2\/media?parent=244789"}],"curies":[{"name":"wp","href":"https:\/\/api.w.org\/{rel}","templated":true}]}}