{"id":253101,"date":"2022-12-03T19:30:35","date_gmt":"2022-12-04T00:30:35","guid":{"rendered":"https:\/\/co.nacionsushi.com\/?page_id=253101"},"modified":"2024-04-29T16:18:08","modified_gmt":"2024-04-29T21:18:08","slug":"restaurantes","status":"publish","type":"page","link":"https:\/\/nacionsushi.com\/hn\/restaurantes\/","title":{"rendered":"Restaurantes"},"content":{"rendered":"<p>[et_pb_section fb_built=&#8221;1&#8243; admin_label=&#8221;Hero Section&#8221; _builder_version=&#8221;4.25.0&#8243; use_background_color_gradient=&#8221;on&#8221; background_color_gradient_direction=&#8221;131deg&#8221; background_image=&#8221;https:\/\/nacionsushi.com\/hn\/wp-content\/uploads\/sites\/19\/2022\/12\/WhatsApp-Image-2022-12-05-at-6.43.06-PM.jpeg&#8221; height=&#8221;1080px&#8221; max_height=&#8221;600px&#8221; custom_margin=&#8221;-225px||||false|false&#8221; custom_padding=&#8221;110px|0px|110px|0px&#8221; animation_direction=&#8221;top&#8221; global_colors_info=&#8221;{}&#8221;][et_pb_row _builder_version=&#8221;4.19.2&#8243; _module_preset=&#8221;default&#8221; global_colors_info=&#8221;{}&#8221;][et_pb_column type=&#8221;4_4&#8243; _builder_version=&#8221;4.19.2&#8243; _module_preset=&#8221;default&#8221; global_colors_info=&#8221;{}&#8221;][\/et_pb_column][\/et_pb_row][\/et_pb_section][et_pb_section fb_built=&#8221;1&#8243; _builder_version=&#8221;4.19.2&#8243; _module_preset=&#8221;default&#8221; background_color=&#8221;#ff5892&#8243; locked=&#8221;off&#8221; global_colors_info=&#8221;{}&#8221;][et_pb_row _builder_version=&#8221;4.19.2&#8243; _module_preset=&#8221;default&#8221; width=&#8221;90%&#8221; max_width=&#8221;90%&#8221; custom_margin=&#8221;0px||0px||true|false&#8221; custom_padding=&#8221;0px||0px||true|false&#8221; global_colors_info=&#8221;{}&#8221;][et_pb_column type=&#8221;4_4&#8243; _builder_version=&#8221;4.19.2&#8243; _module_preset=&#8221;default&#8221; global_colors_info=&#8221;{}&#8221;][et_pb_image src=&#8221;https:\/\/nacionsushi.com\/cr\/wp-content\/uploads\/sites\/6\/2022\/12\/nuestros-restaurantes-son.png&#8221; title_text=&#8221;nuestros-restaurantes-son&#8221; align=&#8221;center&#8221; _builder_version=&#8221;4.19.2&#8243; _module_preset=&#8221;default&#8221; global_colors_info=&#8221;{}&#8221;][\/et_pb_image][\/et_pb_column][\/et_pb_row][\/et_pb_section][et_pb_section fb_built=&#8221;1&#8243; admin_label=&#8221;Classes Section&#8221; _builder_version=&#8221;4.19.2&#8243; background_enable_color=&#8221;off&#8221; custom_padding=&#8221;91px||91px|&#8221; global_colors_info=&#8221;{}&#8221;][et_pb_row column_structure=&#8221;1_3,1_3,1_3&#8243; use_custom_gutter=&#8221;on&#8221; gutter_width=&#8221;2&#8243; make_equal=&#8221;on&#8221; admin_label=&#8221;Classes Area&#8221; _builder_version=&#8221;4.19.5&#8243; width=&#8221;90%&#8221; max_width=&#8221;90%&#8221; use_custom_width=&#8221;on&#8221; custom_width_px=&#8221;1440px&#8221; global_colors_info=&#8221;{}&#8221;][et_pb_column type=&#8221;1_3&#8243; _builder_version=&#8221;4.19.2&#8243; background_color=&#8221;#ff5892&#8243; custom_padding=&#8221;||2em||false|false&#8221; global_colors_info=&#8221;{}&#8221; custom_padding__hover=&#8221;|||&#8221;][et_pb_image src=&#8221;https:\/\/nacionsushi.com\/hn\/wp-content\/uploads\/sites\/19\/2024\/01\/000-1.jpg&#8221; title_text=&#8221;000&#8243; url=&#8221;https:\/\/www.google.com\/maps\/place\/Nacionsushi+I+Honduras\/@11.7406747,-89.0743183,6z\/data=!4m20!1m13!4m12!1m4!2m2!1d-79.5120982!2d8.9919602!4e1!1m6!1m2!1s0x8f665b6f0299c01d:0xaf99eae5ada343b4!2sNACIONSUSHI+HONDURAS!2m2!1d-88.0402501!2d15.5068091!3m5!1s0x8f&#8221; url_new_window=&#8221;on&#8221; force_fullwidth=&#8221;on&#8221; align_tablet=&#8221;center&#8221; align_phone=&#8221;center&#8221; align_last_edited=&#8221;on|desktop&#8221; admin_label=&#8221;Guaynabo&#8221; _builder_version=&#8221;4.25.0&#8243; custom_margin=&#8221;||0px|&#8221; global_colors_info=&#8221;{}&#8221;][\/et_pb_image][et_pb_text admin_label=&#8221;Title&#8221; _builder_version=&#8221;4.25.0&#8243; text_font=&#8221;palmerlakeprint||||||||&#8221; text_text_color=&#8221;#FFFFFF&#8221; text_font_size=&#8221;7em&#8221; link_font=&#8221;|600||on|||||&#8221; link_text_color=&#8221;#fdb467&#8243; link_font_size=&#8221;16px&#8221; link_letter_spacing=&#8221;3px&#8221; link_line_height=&#8221;1.8em&#8221; header_font=&#8221;palmerlakeprint||||||||&#8221; header_text_align=&#8221;center&#8221; header_font_size=&#8221;4em&#8221; header_line_height=&#8221;0.27em&#8221; header_2_font=&#8221;palmerlakeprint||||||||&#8221; header_2_text_align=&#8221;right&#8221; header_2_font_size=&#8221;4em&#8221; header_2_line_height=&#8221;0.25em&#8221; header_3_font=&#8221;Nexa Heavy|600|||||||&#8221; header_3_text_align=&#8221;center&#8221; header_3_text_color=&#8221;#FFFFFF&#8221; header_3_font_size=&#8221;2em&#8221; background_enable_color=&#8221;off&#8221; transform_skew=&#8221;0deg|-3deg&#8221; transform_skew_linked=&#8221;off&#8221; text_orientation=&#8221;center&#8221; background_layout=&#8221;dark&#8221; custom_margin=&#8221;||||false|false&#8221; custom_padding=&#8221;0.25em||||false|false&#8221; animation_style=&#8221;fade&#8221; global_colors_info=&#8221;{}&#8221;][\/et_pb_text][et_pb_text admin_label=&#8221;Title&#8221; _builder_version=&#8221;4.25.0&#8243; text_font=&#8221;palmerlakeprint||||||||&#8221; text_text_color=&#8221;#FFFFFF&#8221; link_font=&#8221;|600||on|||||&#8221; link_text_color=&#8221;#fdb467&#8243; link_font_size=&#8221;16px&#8221; link_letter_spacing=&#8221;3px&#8221; link_line_height=&#8221;1.8em&#8221; header_font=&#8221;Nexa Heavy||||||||&#8221; header_font_size=&#8221;1.5em&#8221; header_line_height=&#8221;1.2em&#8221; header_2_font=&#8221;palmerlakeprint||||||||&#8221; header_2_text_align=&#8221;right&#8221; header_2_font_size=&#8221;4em&#8221; header_2_line_height=&#8221;0.25em&#8221; header_3_font=&#8221;Nexa Heavy|600|||||||&#8221; header_3_text_align=&#8221;center&#8221; header_3_text_color=&#8221;#FFFFFF&#8221; header_3_font_size=&#8221;2em&#8221; background_enable_color=&#8221;off&#8221; text_orientation=&#8221;center&#8221; background_layout=&#8221;dark&#8221; custom_margin=&#8221;||0px||false|false&#8221; custom_padding=&#8221;20px|10px|0px|10px|false|true&#8221; animation_style=&#8221;fade&#8221; hover_enabled=&#8221;0&#8243; global_colors_info=&#8221;{}&#8221; sticky_enabled=&#8221;0&#8243;]<\/p>\n<h1><span style=\"color: #ffffff;\"><strong>San Pedro Sula. Barrio R\u00edo Piedras, primera calle 20-21A. Frente al Paseo de los Pr\u00f3ceres.<\/strong><\/span><\/h1>\n<h1><span style=\"color: #ffffff;\"><strong>Todos los d\u00edas de:<\/strong><\/span><br \/><span style=\"color: #ffffff;\"><strong>11:30 A.M. A 11:00 P.M.<\/strong><\/span><\/h1>\n<h1><span style=\"color: #ffffff;\"><strong><a href=\"honduras@nacionsushi.com\" style=\"color: #ffffff;\">honduras@nacionsushi.com<\/a><\/strong><\/span><\/h1>\n<p><span style=\"color: #ffffff;\"><strong>\u00a0<\/strong><\/span><\/p>\n<p>[\/et_pb_text][\/et_pb_column][et_pb_column type=&#8221;1_3&#8243; _builder_version=&#8221;4.19.5&#8243; background_enable_color=&#8221;off&#8221; custom_padding=&#8221;||2em||false|false&#8221; global_colors_info=&#8221;{}&#8221; custom_padding__hover=&#8221;|||&#8221;][\/et_pb_column][et_pb_column type=&#8221;1_3&#8243; _builder_version=&#8221;4.19.5&#8243; background_enable_color=&#8221;off&#8221; custom_padding=&#8221;||2em||false|false&#8221; global_colors_info=&#8221;{}&#8221; custom_padding__hover=&#8221;|||&#8221;][\/et_pb_column][\/et_pb_row][et_pb_row column_structure=&#8221;1_3,1_3,1_3&#8243; use_custom_gutter=&#8221;on&#8221; gutter_width=&#8221;2&#8243; make_equal=&#8221;on&#8221; disabled_on=&#8221;on|on|on&#8221; admin_label=&#8221;Classes Area&#8221; _builder_version=&#8221;4.19.5&#8243; width=&#8221;90%&#8221; max_width=&#8221;90%&#8221; use_custom_width=&#8221;on&#8221; custom_width_px=&#8221;1440px&#8221; disabled=&#8221;on&#8221; global_colors_info=&#8221;{}&#8221;][et_pb_column type=&#8221;1_3&#8243; _builder_version=&#8221;4.19.2&#8243; background_color=&#8221;#ff5892&#8243; custom_padding=&#8221;||2em||false|false&#8221; global_colors_info=&#8221;{}&#8221; custom_padding__hover=&#8221;|||&#8221;][et_pb_image src=&#8221;https:\/\/hn.nacionsushi.com\/wp-content\/uploads\/sites\/19\/2022\/12\/brisasdelgolf.jpg&#8221; title_text=&#8221;brisasdelgolf&#8221; url=&#8221;https:\/\/goo.gl\/maps\/7uehJQhZU3mdZP7E9&#8243; force_fullwidth=&#8221;on&#8221; align_tablet=&#8221;center&#8221; align_phone=&#8221;center&#8221; align_last_edited=&#8221;on|desktop&#8221; admin_label=&#8221;Brisas del Golf&#8221; _builder_version=&#8221;4.19.4&#8243; custom_margin=&#8221;||0px|&#8221; locked=&#8221;off&#8221; global_colors_info=&#8221;{}&#8221;][\/et_pb_image][et_pb_text admin_label=&#8221;Title&#8221; _builder_version=&#8221;4.19.2&#8243; text_font=&#8221;palmerlakeprint||||||||&#8221; text_text_color=&#8221;#FFFFFF&#8221; text_font_size=&#8221;7em&#8221; link_font=&#8221;|600||on|||||&#8221; link_text_color=&#8221;#fdb467&#8243; link_font_size=&#8221;16px&#8221; link_letter_spacing=&#8221;3px&#8221; link_line_height=&#8221;1.8em&#8221; header_font=&#8221;palmerlakeprint||||||||&#8221; header_text_align=&#8221;center&#8221; header_font_size=&#8221;4em&#8221; header_line_height=&#8221;0.27em&#8221; header_2_font=&#8221;palmerlakeprint||||||||&#8221; header_2_text_align=&#8221;right&#8221; header_2_font_size=&#8221;4em&#8221; header_2_line_height=&#8221;0.25em&#8221; header_3_font=&#8221;Nexa Heavy|600|||||||&#8221; header_3_text_align=&#8221;center&#8221; header_3_text_color=&#8221;#FFFFFF&#8221; header_3_font_size=&#8221;2em&#8221; background_enable_color=&#8221;off&#8221; transform_skew=&#8221;0deg|-3deg&#8221; transform_skew_linked=&#8221;off&#8221; text_orientation=&#8221;center&#8221; background_layout=&#8221;dark&#8221; custom_margin=&#8221;||||false|false&#8221; custom_padding=&#8221;0.25em||||false|false&#8221; animation_style=&#8221;fade&#8221; global_colors_info=&#8221;{}&#8221;]BRISAS DEL GOLF[\/et_pb_text][et_pb_text admin_label=&#8221;Title&#8221; _builder_version=&#8221;4.19.2&#8243; text_font=&#8221;palmerlakeprint||||||||&#8221; text_text_color=&#8221;#FFFFFF&#8221; link_font=&#8221;|600||on|||||&#8221; link_text_color=&#8221;#fdb467&#8243; link_font_size=&#8221;16px&#8221; link_letter_spacing=&#8221;3px&#8221; link_line_height=&#8221;1.8em&#8221; header_font=&#8221;Nexa Heavy||||||||&#8221; header_font_size=&#8221;1.5em&#8221; header_line_height=&#8221;1.2em&#8221; header_2_font=&#8221;palmerlakeprint||||||||&#8221; header_2_text_align=&#8221;right&#8221; header_2_font_size=&#8221;4em&#8221; header_2_line_height=&#8221;0.25em&#8221; header_3_font=&#8221;Nexa Heavy|600|||||||&#8221; header_3_text_align=&#8221;center&#8221; header_3_text_color=&#8221;#FFFFFF&#8221; header_3_font_size=&#8221;2em&#8221; background_enable_color=&#8221;off&#8221; text_orientation=&#8221;center&#8221; background_layout=&#8221;dark&#8221; custom_margin=&#8221;||0px||false|false&#8221; custom_padding=&#8221;20px|10px|0px|10px|false|true&#8221; animation_style=&#8221;fade&#8221; global_colors_info=&#8221;{}&#8221;]<\/p>\n<h1>CNFII &#8211; Ramal Manuel F. Zarate,<br \/>C.C Brisas Mall. San Miguelito,<br \/>Albrook, Ciudad de Panam\u00e1.<\/h1>\n<\/p>\n<h1>Lun a Dom 11:30 a.m. &#8211; 11:00 p.m.<\/h1>\n<\/p>\n<h1>+507 389-8597<\/h1>\n<p>[\/et_pb_text][\/et_pb_column][et_pb_column type=&#8221;1_3&#8243; _builder_version=&#8221;4.19.2&#8243; background_color=&#8221;#ff5892&#8243; custom_padding=&#8221;||2em||false|false&#8221; global_colors_info=&#8221;{}&#8221; custom_padding__hover=&#8221;|||&#8221;][et_pb_image src=&#8221;https:\/\/hn.nacionsushi.com\/wp-content\/uploads\/sites\/19\/2022\/12\/cascoantiguo.jpg&#8221; title_text=&#8221;cascoantiguo&#8221; url=&#8221;https:\/\/goo.gl\/maps\/SnRbitP5ijukCko26&#8243; force_fullwidth=&#8221;on&#8221; align_tablet=&#8221;center&#8221; align_phone=&#8221;center&#8221; align_last_edited=&#8221;on|desktop&#8221; admin_label=&#8221;Casco Antiguo&#8221; _builder_version=&#8221;4.19.4&#8243; custom_margin=&#8221;||0px|&#8221; global_colors_info=&#8221;{}&#8221;][\/et_pb_image][et_pb_text admin_label=&#8221;Title&#8221; _builder_version=&#8221;4.19.2&#8243; text_font=&#8221;palmerlakeprint||||||||&#8221; text_text_color=&#8221;#FFFFFF&#8221; text_font_size=&#8221;7em&#8221; link_font=&#8221;|600||on|||||&#8221; link_text_color=&#8221;#fdb467&#8243; link_font_size=&#8221;16px&#8221; link_letter_spacing=&#8221;3px&#8221; link_line_height=&#8221;1.8em&#8221; header_font=&#8221;palmerlakeprint||||||||&#8221; header_text_align=&#8221;center&#8221; header_font_size=&#8221;4em&#8221; header_line_height=&#8221;0.27em&#8221; header_2_font=&#8221;palmerlakeprint||||||||&#8221; header_2_text_align=&#8221;right&#8221; header_2_font_size=&#8221;4em&#8221; header_2_line_height=&#8221;0.25em&#8221; header_3_font=&#8221;Nexa Heavy|600|||||||&#8221; header_3_text_align=&#8221;center&#8221; header_3_text_color=&#8221;#FFFFFF&#8221; header_3_font_size=&#8221;2em&#8221; background_enable_color=&#8221;off&#8221; transform_skew=&#8221;0deg|-3deg&#8221; transform_skew_linked=&#8221;off&#8221; text_orientation=&#8221;center&#8221; background_layout=&#8221;dark&#8221; custom_margin=&#8221;||||false|false&#8221; custom_padding=&#8221;0.25em||||false|false&#8221; animation_style=&#8221;fade&#8221; global_colors_info=&#8221;{}&#8221;]CASCO ANTIGUO[\/et_pb_text][et_pb_text admin_label=&#8221;Title&#8221; _builder_version=&#8221;4.19.2&#8243; text_font=&#8221;palmerlakeprint||||||||&#8221; text_text_color=&#8221;#FFFFFF&#8221; link_font=&#8221;|600||on|||||&#8221; link_text_color=&#8221;#fdb467&#8243; link_font_size=&#8221;16px&#8221; link_letter_spacing=&#8221;3px&#8221; link_line_height=&#8221;1.8em&#8221; header_font=&#8221;Nexa Heavy||||||||&#8221; header_font_size=&#8221;1.5em&#8221; header_line_height=&#8221;1.2em&#8221; header_2_font=&#8221;palmerlakeprint||||||||&#8221; header_2_text_align=&#8221;right&#8221; header_2_font_size=&#8221;4em&#8221; header_2_line_height=&#8221;0.25em&#8221; header_3_font=&#8221;Nexa Heavy|600|||||||&#8221; header_3_text_align=&#8221;center&#8221; header_3_text_color=&#8221;#FFFFFF&#8221; header_3_font_size=&#8221;2em&#8221; background_enable_color=&#8221;off&#8221; text_orientation=&#8221;center&#8221; background_layout=&#8221;dark&#8221; custom_margin=&#8221;||0px||false|false&#8221; custom_padding=&#8221;20px|10px|0px|10px|false|true&#8221; animation_style=&#8221;fade&#8221; global_colors_info=&#8221;{}&#8221;]<\/p>\n<h1>Av. A. Casa Perez Alem\u00e1n<br \/>Casco Antiguo<br \/> Ciudad de Panam\u00e1.<\/h1>\n<\/p>\n<h1>Lun a Dom 11:30 a.m. &#8211; 11:00 p.m.<\/h1>\n<\/p>\n<h1>+507 373-3990 \/ 6815-9786<\/h1>\n<p>[\/et_pb_text][\/et_pb_column][et_pb_column type=&#8221;1_3&#8243; _builder_version=&#8221;4.19.2&#8243; background_color=&#8221;#ff5892&#8243; custom_padding=&#8221;||2em||false|false&#8221; global_colors_info=&#8221;{}&#8221; custom_padding__hover=&#8221;|||&#8221;][et_pb_image src=&#8221;https:\/\/hn.nacionsushi.com\/wp-content\/uploads\/sites\/19\/2022\/12\/chiriqui.jpg&#8221; title_text=&#8221;chiriqui&#8221; url=&#8221;https:\/\/goo.gl\/maps\/XWCJ2fDgsT2pMXeb9&#8243; force_fullwidth=&#8221;on&#8221; align_tablet=&#8221;center&#8221; align_phone=&#8221;center&#8221; align_last_edited=&#8221;on|desktop&#8221; admin_label=&#8221;Chiriqui&#8221; _builder_version=&#8221;4.19.4&#8243; custom_margin=&#8221;||0px|&#8221; locked=&#8221;off&#8221; global_colors_info=&#8221;{}&#8221;][\/et_pb_image][et_pb_text admin_label=&#8221;Title&#8221; _builder_version=&#8221;4.19.2&#8243; text_font=&#8221;palmerlakeprint||||||||&#8221; text_text_color=&#8221;#FFFFFF&#8221; text_font_size=&#8221;7em&#8221; link_font=&#8221;|600||on|||||&#8221; link_text_color=&#8221;#fdb467&#8243; link_font_size=&#8221;16px&#8221; link_letter_spacing=&#8221;3px&#8221; link_line_height=&#8221;1.8em&#8221; header_font=&#8221;palmerlakeprint||||||||&#8221; header_text_align=&#8221;center&#8221; header_font_size=&#8221;4em&#8221; header_line_height=&#8221;0.27em&#8221; header_2_font=&#8221;palmerlakeprint||||||||&#8221; header_2_text_align=&#8221;right&#8221; header_2_font_size=&#8221;4em&#8221; header_2_line_height=&#8221;0.25em&#8221; header_3_font=&#8221;Nexa Heavy|600|||||||&#8221; header_3_text_align=&#8221;center&#8221; header_3_text_color=&#8221;#FFFFFF&#8221; header_3_font_size=&#8221;2em&#8221; background_enable_color=&#8221;off&#8221; transform_skew=&#8221;0deg|-3deg&#8221; transform_skew_linked=&#8221;off&#8221; text_orientation=&#8221;center&#8221; background_layout=&#8221;dark&#8221; custom_margin=&#8221;||||false|false&#8221; custom_padding=&#8221;0.25em||||false|false&#8221; animation_style=&#8221;fade&#8221; global_colors_info=&#8221;{}&#8221;]CHIRIQU\u00cd[\/et_pb_text][et_pb_text admin_label=&#8221;Title&#8221; _builder_version=&#8221;4.19.2&#8243; text_font=&#8221;palmerlakeprint||||||||&#8221; text_text_color=&#8221;#FFFFFF&#8221; link_font=&#8221;|600||on|||||&#8221; link_text_color=&#8221;#fdb467&#8243; link_font_size=&#8221;16px&#8221; link_letter_spacing=&#8221;3px&#8221; link_line_height=&#8221;1.8em&#8221; header_font=&#8221;Nexa Heavy||||||||&#8221; header_font_size=&#8221;1.5em&#8221; header_line_height=&#8221;1.2em&#8221; header_2_font=&#8221;palmerlakeprint||||||||&#8221; header_2_text_align=&#8221;right&#8221; header_2_font_size=&#8221;4em&#8221; header_2_line_height=&#8221;0.25em&#8221; header_3_font=&#8221;Nexa Heavy|600|||||||&#8221; header_3_text_align=&#8221;center&#8221; header_3_text_color=&#8221;#FFFFFF&#8221; header_3_font_size=&#8221;2em&#8221; background_enable_color=&#8221;off&#8221; text_orientation=&#8221;center&#8221; background_layout=&#8221;dark&#8221; custom_margin=&#8221;||0px||false|false&#8221; custom_padding=&#8221;20px|10px|0px|10px|false|true&#8221; animation_style=&#8221;fade&#8221; global_colors_info=&#8221;{}&#8221;]<\/p>\n<h1>Av. Boquete frente a Ricardo<br \/>Perez, Plaza Felipe Rodriguez.<br \/>David, Chiriqu\u00ed.<\/h1>\n<\/p>\n<h1>Lun a Dom 11:30 a.m. &#8211; 11:00 p.m.<\/h1>\n<\/p>\n<h1>+507 709-3298 <\/h1>\n<p>[\/et_pb_text][\/et_pb_column][\/et_pb_row][\/et_pb_section]<\/p>\n","protected":false},"excerpt":{"rendered":"<p>San Pedro Sula. Barrio R\u00edo Piedras, primera calle 20-21A. Frente al Paseo de los Pr\u00f3ceres. Todos los d\u00edas de:11:30 A.M. A 11:00 P.M. honduras@nacionsushi.com \u00a0BRISAS DEL GOLFCNFII &#8211; Ramal Manuel F. Zarate,C.C Brisas Mall. San Miguelito,Albrook, Ciudad de Panam\u00e1. Lun a Dom 11:30 a.m. &#8211; 11:00 p.m. +507 389-8597CASCO ANTIGUOAv. A. Casa Perez Alem\u00e1nCasco Antiguo [&hellip;]<\/p>\n","protected":false},"author":2,"featured_media":0,"parent":0,"menu_order":0,"comment_status":"closed","ping_status":"closed","template":"","meta":{"_et_pb_use_builder":"on","_et_pb_old_content":"","_et_gb_content_width":"","_monsterinsights_skip_tracking":false,"_monsterinsights_sitenote_active":false,"_monsterinsights_sitenote_note":"","_monsterinsights_sitenote_category":0,"footnotes":""},"class_list":["post-253101","page","type-page","status-publish","hentry"],"_links":{"self":[{"href":"https:\/\/nacionsushi.com\/hn\/wp-json\/wp\/v2\/pages\/253101","targetHints":{"allow":["GET"]}}],"collection":[{"href":"https:\/\/nacionsushi.com\/hn\/wp-json\/wp\/v2\/pages"}],"about":[{"href":"https:\/\/nacionsushi.com\/hn\/wp-json\/wp\/v2\/types\/page"}],"author":[{"embeddable":true,"href":"https:\/\/nacionsushi.com\/hn\/wp-json\/wp\/v2\/users\/2"}],"replies":[{"embeddable":true,"href":"https:\/\/nacionsushi.com\/hn\/wp-json\/wp\/v2\/comments?post=253101"}],"version-history":[{"count":81,"href":"https:\/\/nacionsushi.com\/hn\/wp-json\/wp\/v2\/pages\/253101\/revisions"}],"predecessor-version":[{"id":255623,"href":"https:\/\/nacionsushi.com\/hn\/wp-json\/wp\/v2\/pages\/253101\/revisions\/255623"}],"wp:attachment":[{"href":"https:\/\/nacionsushi.com\/hn\/wp-json\/wp\/v2\/media?parent=253101"}],"curies":[{"name":"wp","href":"https:\/\/api.w.org\/{rel}","templated":true}]}}