{"id":253201,"date":"2022-12-04T01:52:05","date_gmt":"2022-12-04T06:52:05","guid":{"rendered":"https:\/\/co.nacionsushi.com\/?page_id=253201"},"modified":"2024-03-19T18:03:17","modified_gmt":"2024-03-19T23:03:17","slug":"menu","status":"publish","type":"page","link":"https:\/\/nacionsushi.com\/sv\/menu\/","title":{"rendered":"Menu"},"content":{"rendered":"<p>[et_pb_section fb_built=&#8221;1&#8243; admin_label=&#8221;Hero Section&#8221; _builder_version=&#8221;4.19.2&#8243; background_color_gradient_direction=&#8221;131deg&#8221; background_image=&#8221;https:\/\/nacionsushi.com\/sv\/wp-content\/uploads\/sites\/7\/2022\/12\/banner-menu.jpg&#8221; height=&#8221;800px&#8221; max_height=&#8221;800px&#8221; custom_margin=&#8221;-225px||||false|false&#8221; custom_padding=&#8221;110px|0px|110px|0px&#8221; animation_direction=&#8221;top&#8221; collapsed=&#8221;on&#8221; global_colors_info=&#8221;{}&#8221;][et_pb_row _builder_version=&#8221;4.19.2&#8243; _module_preset=&#8221;default&#8221; global_colors_info=&#8221;{}&#8221;][et_pb_column type=&#8221;4_4&#8243; _builder_version=&#8221;4.19.2&#8243; _module_preset=&#8221;default&#8221; global_colors_info=&#8221;{}&#8221;][\/et_pb_column][\/et_pb_row][\/et_pb_section][et_pb_section fb_built=&#8221;1&#8243; _builder_version=&#8221;4.19.2&#8243; _module_preset=&#8221;default&#8221; background_color=&#8221;#682145&#8243; collapsed=&#8221;on&#8221; global_colors_info=&#8221;{}&#8221;][et_pb_row _builder_version=&#8221;4.19.2&#8243; _module_preset=&#8221;default&#8221; width=&#8221;90%&#8221; max_width=&#8221;90%&#8221; custom_margin=&#8221;0px||||false|false&#8221; custom_padding=&#8221;0px||||false|false&#8221; global_colors_info=&#8221;{}&#8221;][et_pb_column type=&#8221;4_4&#8243; _builder_version=&#8221;4.19.2&#8243; _module_preset=&#8221;default&#8221; global_colors_info=&#8221;{}&#8221;][et_pb_image src=&#8221;https:\/\/nacionsushi.com\/sv\/wp-content\/uploads\/sites\/7\/2022\/12\/nuestromenu.png&#8221; title_text=&#8221;nuestromenu&#8221; show_bottom_space=&#8221;off&#8221; _builder_version=&#8221;4.19.2&#8243; _module_preset=&#8221;default&#8221; custom_margin=&#8221;0px||||false|false&#8221; custom_padding=&#8221;0px||||false|false&#8221; global_colors_info=&#8221;{}&#8221;][\/et_pb_image][\/et_pb_column][\/et_pb_row][\/et_pb_section][et_pb_section fb_built=&#8221;1&#8243; disabled_on=&#8221;on|off|off&#8221; admin_label=&#8221;Section Desktop&#8221; module_id=&#8221;padespecial&#8221; _builder_version=&#8221;4.19.4&#8243; _module_preset=&#8221;default&#8221; use_background_color_gradient=&#8221;on&#8221; background_color_gradient_direction=&#8221;90deg&#8221; background_color_gradient_stops=&#8221;#f58421 0%|#f05d90 100%&#8221; width=&#8221;100%&#8221; max_width=&#8221;100%&#8221; custom_margin=&#8221;||||false|false&#8221; custom_padding=&#8221;||5em|3em|false|false&#8221; collapsed=&#8221;off&#8221; global_colors_info=&#8221;{}&#8221;][et_pb_row _builder_version=&#8221;4.19.1&#8243; _module_preset=&#8221;default&#8221; width=&#8221;100%&#8221; max_width=&#8221;100%&#8221; global_colors_info=&#8221;{}&#8221;][et_pb_column type=&#8221;4_4&#8243; _builder_version=&#8221;4.19.1&#8243; _module_preset=&#8221;default&#8221; global_colors_info=&#8221;{}&#8221;][et_pb_text _builder_version=&#8221;4.19.2&#8243; _module_preset=&#8221;default&#8221; text_font=&#8221;Nexa Heavy||||||||&#8221; text_text_color=&#8221;#FFFFFF&#8221; text_font_size=&#8221;25px&#8221; text_line_height=&#8221;1.5em&#8221; header_font=&#8221;Nexa Heavy||||||||&#8221; header_text_color=&#8221;#FFFFFF&#8221; header_font_size=&#8221;45px&#8221; width=&#8221;100%&#8221; max_width=&#8221;100%&#8221; module_alignment=&#8221;left&#8221; global_colors_info=&#8221;{}&#8221;]Nuestra cocina conjuga los sabores tradicionales del sudeste asi\u00e1tico<br \/>\ncon los aportes tropicales de las nuevas generaciones, para crear as\u00ed<br \/>\nuna propuesta gastron\u00f3mica que enamorar\u00e1 a los paladares m\u00e1s<br \/>\n exigentes. Nuestros rollos de sushi ofrecen las combinaciones m\u00e1s<br \/>\ncreativas, las raciones m\u00e1s generosas y ricas en prote\u00ednas.[\/et_pb_text][\/et_pb_column][\/et_pb_row][et_pb_row column_structure=&#8221;2_3,1_3&#8243; _builder_version=&#8221;4.19.1&#8243; _module_preset=&#8221;default&#8221; width=&#8221;100%&#8221; max_width=&#8221;100%&#8221; custom_padding=&#8221;||||false|false&#8221; global_colors_info=&#8221;{}&#8221;][et_pb_column type=&#8221;2_3&#8243; _builder_version=&#8221;4.19.1&#8243; _module_preset=&#8221;default&#8221; global_colors_info=&#8221;{}&#8221;][et_pb_text _builder_version=&#8221;4.19.2&#8243; _module_preset=&#8221;default&#8221; text_font=&#8221;Nexa Heavy||||||||&#8221; text_text_color=&#8221;#FFFFFF&#8221; text_font_size=&#8221;37px&#8221; text_line_height=&#8221;1.5em&#8221; header_font=&#8221;Nexa Heavy||||||||&#8221; header_text_color=&#8221;#FFFFFF&#8221; header_font_size=&#8221;45px&#8221; width=&#8221;100%&#8221; max_width=&#8221;100%&#8221; module_alignment=&#8221;left&#8221; global_colors_info=&#8221;{}&#8221;]SUSHI<br \/>\n+ SABORES DEL SUDESTE ASI\u00c1TICO[\/et_pb_text][\/et_pb_column][et_pb_column type=&#8221;1_3&#8243; _builder_version=&#8221;4.19.1&#8243; _module_preset=&#8221;default&#8221; global_colors_info=&#8221;{}&#8221;][et_pb_image src=&#8221;https:\/\/nacionsushi.com\/sv\/wp-content\/uploads\/sites\/7\/2022\/11\/vermenu.png&#8221; title_text=&#8221;vermenu&#8221; url=&#8221;https:\/\/nacionsushi.com\/sv\/wp-content\/uploads\/sites\/7\/2024\/03\/Menu-NS-El-salvador.pdf&#8221; show_bottom_space=&#8221;off&#8221; disabled_on=&#8221;off|off|off&#8221; _builder_version=&#8221;4.24.2&#8243; _module_preset=&#8221;default&#8221; width=&#8221;25em&#8221; max_width=&#8221;24em&#8221; custom_margin=&#8221;||0px||false|false&#8221; custom_padding=&#8221;||0px||false|true&#8221; hover_enabled=&#8221;0&#8243; custom_css_main_element=&#8221;||&#8221; global_colors_info=&#8221;{}&#8221; custom_css_main_element_last_edited=&#8221;on|phone&#8221; custom_css_main_element_tablet=&#8221;||&#8221; custom_css_main_element_phone=&#8221;||&#8221; sticky_enabled=&#8221;0&#8243;][\/et_pb_image][\/et_pb_column][\/et_pb_row][et_pb_row _builder_version=&#8221;4.19.2&#8243; _module_preset=&#8221;default&#8221; width=&#8221;100%&#8221; max_width=&#8221;100%&#8221; global_colors_info=&#8221;{}&#8221;][et_pb_column type=&#8221;4_4&#8243; _builder_version=&#8221;4.19.2&#8243; _module_preset=&#8221;default&#8221; global_colors_info=&#8221;{}&#8221;][et_pb_image src=&#8221;https:\/\/nacionsushi.com\/sv\/wp-content\/uploads\/sites\/7\/2022\/12\/menutunacion.png&#8221; title_text=&#8221;menutunacion&#8221; show_bottom_space=&#8221;off&#8221; _builder_version=&#8221;4.19.2&#8243; _module_preset=&#8221;default&#8221; z_index=&#8221;500&#8243; max_width=&#8221;950px&#8221; custom_margin=&#8221;||-250px||false|false&#8221; global_colors_info=&#8221;{}&#8221;][\/et_pb_image][\/et_pb_column][\/et_pb_row][\/et_pb_section][et_pb_section fb_built=&#8221;1&#8243; disabled_on=&#8221;off|on|on&#8221; admin_label=&#8221;Section Mobile&#8221; module_id=&#8221;padespecial&#8221; _builder_version=&#8221;4.19.4&#8243; _module_preset=&#8221;default&#8221; use_background_color_gradient=&#8221;on&#8221; background_color_gradient_direction=&#8221;90deg&#8221; background_color_gradient_stops=&#8221;#f58421 0%|#f05d90 100%&#8221; width=&#8221;100%&#8221; max_width=&#8221;100%&#8221; custom_margin=&#8221;||||false|false&#8221; custom_padding=&#8221;|1.5em|5em|1.5em|false|true&#8221; collapsed=&#8221;off&#8221; global_colors_info=&#8221;{}&#8221;][et_pb_row _builder_version=&#8221;4.19.4&#8243; _module_preset=&#8221;default&#8221; width=&#8221;100%&#8221; max_width=&#8221;100%&#8221; global_colors_info=&#8221;{}&#8221;][et_pb_column type=&#8221;4_4&#8243; _builder_version=&#8221;4.19.4&#8243; _module_preset=&#8221;default&#8221; global_colors_info=&#8221;{}&#8221;][et_pb_text _builder_version=&#8221;4.19.4&#8243; _module_preset=&#8221;default&#8221; text_font=&#8221;Nexa Heavy||||||||&#8221; text_text_color=&#8221;#FFFFFF&#8221; text_font_size=&#8221;20px&#8221; text_line_height=&#8221;1.5em&#8221; header_font=&#8221;Nexa Heavy||||||||&#8221; header_text_color=&#8221;#FFFFFF&#8221; header_font_size=&#8221;45px&#8221; width=&#8221;100%&#8221; max_width=&#8221;100%&#8221; global_colors_info=&#8221;{}&#8221;]Nuestra cocina conjuga los sabores tradicionales del sudeste asi\u00e1tico con los aportes tropicales de las nuevas generaciones, para crear as\u00ed una propuesta gastron\u00f3mica que enamorar\u00e1 a los paladares m\u00e1s exigentes. Nuestros rollos de sushi ofrecen las combinaciones m\u00e1s creativas, las raciones m\u00e1s generosas y ricas en prote\u00ednas.[\/et_pb_text][\/et_pb_column][\/et_pb_row][et_pb_row column_structure=&#8221;2_3,1_3&#8243; _builder_version=&#8221;4.19.1&#8243; _module_preset=&#8221;default&#8221; width=&#8221;100%&#8221; max_width=&#8221;100%&#8221; custom_padding=&#8221;||||false|false&#8221; global_colors_info=&#8221;{}&#8221;][et_pb_column type=&#8221;2_3&#8243; _builder_version=&#8221;4.19.1&#8243; _module_preset=&#8221;default&#8221; global_colors_info=&#8221;{}&#8221;][et_pb_text _builder_version=&#8221;4.19.2&#8243; _module_preset=&#8221;default&#8221; text_font=&#8221;Nexa Heavy||||||||&#8221; text_text_color=&#8221;#FFFFFF&#8221; text_font_size=&#8221;37px&#8221; text_line_height=&#8221;1.5em&#8221; header_font=&#8221;Nexa Heavy||||||||&#8221; header_text_color=&#8221;#FFFFFF&#8221; header_font_size=&#8221;45px&#8221; width=&#8221;100%&#8221; max_width=&#8221;100%&#8221; module_alignment=&#8221;left&#8221; global_colors_info=&#8221;{}&#8221;]SUSHI<br \/>\n+ SABORES DEL SUDESTE ASI\u00c1TICO[\/et_pb_text][\/et_pb_column][et_pb_column type=&#8221;1_3&#8243; _builder_version=&#8221;4.19.1&#8243; _module_preset=&#8221;default&#8221; global_colors_info=&#8221;{}&#8221;][et_pb_image src=&#8221;https:\/\/nacionsushi.com\/sv\/wp-content\/uploads\/sites\/7\/2022\/11\/vermenu.png&#8221; title_text=&#8221;vermenu&#8221; url=&#8221;https:\/\/nacionsushi.com\/sv\/wp-content\/uploads\/sites\/7\/2024\/03\/Menu-NS-El-salvador.pdf&#8221; show_bottom_space=&#8221;off&#8221; disabled_on=&#8221;off|off|off&#8221; _builder_version=&#8221;4.24.2&#8243; _module_preset=&#8221;default&#8221; width=&#8221;25em&#8221; max_width=&#8221;24em&#8221; custom_margin=&#8221;||0px||false|false&#8221; custom_padding=&#8221;||0px||false|true&#8221; hover_enabled=&#8221;0&#8243; custom_css_main_element=&#8221;||&#8221; global_colors_info=&#8221;{}&#8221; custom_css_main_element_last_edited=&#8221;on|phone&#8221; custom_css_main_element_tablet=&#8221;||&#8221; custom_css_main_element_phone=&#8221;||&#8221; sticky_enabled=&#8221;0&#8243;][\/et_pb_image][\/et_pb_column][\/et_pb_row][et_pb_row _builder_version=&#8221;4.19.2&#8243; _module_preset=&#8221;default&#8221; width=&#8221;100%&#8221; max_width=&#8221;100%&#8221; global_colors_info=&#8221;{}&#8221;][et_pb_column type=&#8221;4_4&#8243; _builder_version=&#8221;4.19.2&#8243; _module_preset=&#8221;default&#8221; global_colors_info=&#8221;{}&#8221;][et_pb_image src=&#8221;https:\/\/nacionsushi.com\/sv\/wp-content\/uploads\/sites\/7\/2022\/12\/menutunacion.png&#8221; title_text=&#8221;menutunacion&#8221; show_bottom_space=&#8221;off&#8221; _builder_version=&#8221;4.19.4&#8243; _module_preset=&#8221;default&#8221; z_index=&#8221;500&#8243; max_width=&#8221;950px&#8221; custom_margin=&#8221;||-150px||false|false&#8221; global_colors_info=&#8221;{}&#8221;][\/et_pb_image][\/et_pb_column][\/et_pb_row][\/et_pb_section][et_pb_section fb_built=&#8221;1&#8243; admin_label=&#8221;FOTOS DE COMIDA&#8221; _builder_version=&#8221;4.19.2&#8243; _module_preset=&#8221;default&#8221; background_enable_image=&#8221;off&#8221; z_index=&#8221;-500&#8243; custom_margin=&#8221;0px|0px|0px|0px|false|false&#8221; custom_padding=&#8221;0px||0px|0px|false|false&#8221; collapsed=&#8221;off&#8221; global_colors_info=&#8221;{}&#8221;][et_pb_row use_custom_gutter=&#8221;on&#8221; gutter_width=&#8221;1&#8243; disabled_on=&#8221;off|off|off&#8221; admin_label=&#8221;grid-menu-oficial PA&#8221; _builder_version=&#8221;4.19.1&#8243; _module_preset=&#8221;default&#8221; width=&#8221;100%&#8221; max_width=&#8221;100%&#8221; display_conditions=&#8221;W10=&#8221; custom_margin=&#8221;0px|0px|0px|0px|false|false&#8221; custom_padding=&#8221;0px|0px|0px|0px|false|false&#8221; collapsed=&#8221;off&#8221; global_colors_info=&#8221;{}&#8221;][et_pb_column type=&#8221;4_4&#8243; _builder_version=&#8221;4.19.1&#8243; _module_preset=&#8221;default&#8221; custom_css_main_element=&#8221;display:grid;||grid-template-columns: 20% 20% 20% 20% 20%;||grid-auto-rows: auto;&#8221; global_colors_info=&#8221;{}&#8221; custom_css_main_element_last_edited=&#8221;on|phone&#8221; custom_css_main_element_tablet=&#8221;display: grid;||grid-template-columns: 50% 50%;||grid-auto-rows: auto;&#8221; custom_css_main_element_phone=&#8221;display: grid;||grid-template-columns: 100%;||grid-auto-rows: auto;&#8221;][et_pb_text admin_label=&#8221;1&#8243; _builder_version=&#8221;4.19.2&#8243; _module_preset=&#8221;default&#8221; text_font=&#8221;Nexa Heavy|600|||||||&#8221; header_font=&#8221;||||||||&#8221; header_2_font=&#8221;Nexa Heavy|700||on|||||&#8221; background_enable_color=&#8221;off&#8221; background_image=&#8221;https:\/\/nacionsushi.com\/sv\/wp-content\/uploads\/sites\/7\/2022\/12\/comidamenu11-min.jpg&#8221; background_layout=&#8221;dark&#8221; custom_margin=&#8221;||||false|false&#8221; custom_padding=&#8221;||||false|false&#8221; custom_css_main_element=&#8221;grid-column: 1\/4;||grid-row:1\/1;||||display:flex;||flex-direction:column;||align-items:center;||justify-content:center;||height: 640;||&#8221; border_color_all=&#8221;RGBA(255,255,255,0)&#8221; global_colors_info=&#8221;{}&#8221; custom_css_main_element_last_edited=&#8221;on|phone&#8221; custom_css_main_element_phone=&#8221;display:flex;||flex-direction:column;||align-items:center;||justify-content:center;||height: 325px;&#8221; custom_css_main_element_tablet=&#8221;display:flex;||flex-direction:column;||align-items:center;||justify-content:center;||height: 325px;&#8221;][\/et_pb_text][et_pb_text admin_label=&#8221;2&#8243; _builder_version=&#8221;4.19.2&#8243; _module_preset=&#8221;default&#8221; text_font=&#8221;Nexa Heavy|600|||||||&#8221; header_font=&#8221;||||||||&#8221; header_2_font=&#8221;Nexa Heavy|700||on|||||&#8221; background_enable_color=&#8221;off&#8221; background_image=&#8221;https:\/\/nacionsushi.com\/sv\/wp-content\/uploads\/sites\/7\/2022\/12\/comidamenu22-min.jpg&#8221; background_layout=&#8221;dark&#8221; custom_margin=&#8221;0px|0px|0px|0px|true|true&#8221; custom_padding=&#8221;0px|0px|0px|0px|true|true&#8221; custom_css_main_element=&#8221;grid-column: 4\/6;||||display:flex;||flex-direction:column;||align-items:center;||justify-content:center;||height: 640px;&#8221; border_color_all=&#8221;RGBA(255,255,255,0)&#8221; global_colors_info=&#8221;{}&#8221; custom_css_main_element_last_edited=&#8221;on|phone&#8221; custom_css_main_element_phone=&#8221;display:flex;||flex-direction:column;||align-items:center;||justify-content:center;||height: 325px;&#8221; custom_css_main_element_tablet=&#8221;display:flex;||flex-direction:column;||align-items:center;||justify-content:center;||height: 325px;&#8221;][\/et_pb_text][et_pb_text admin_label=&#8221;3&#8243; _builder_version=&#8221;4.19.2&#8243; _module_preset=&#8221;default&#8221; text_font=&#8221;Nexa Heavy|600|||||||&#8221; header_font=&#8221;||||||||&#8221; header_2_font=&#8221;Nexa Heavy|700||on|||||&#8221; background_enable_color=&#8221;off&#8221; background_image=&#8221;https:\/\/nacionsushi.com\/sv\/wp-content\/uploads\/sites\/7\/2022\/12\/comidamenu33-min.jpg&#8221; background_layout=&#8221;dark&#8221; custom_margin=&#8221;||||true|true&#8221; custom_padding=&#8221;||||false|false&#8221; custom_css_main_element=&#8221;grid-column: 1\/6;||grid-row:2\/2;||||||display:flex;||flex-direction:column;||align-items:center;||justify-content:center;||height: 640px;||&#8221; border_color_all=&#8221;RGBA(255,255,255,0)&#8221; global_colors_info=&#8221;{}&#8221; custom_css_main_element_last_edited=&#8221;on|tablet&#8221; custom_css_main_element_phone=&#8221;display:flex;||flex-direction:column;||align-items:center;||justify-content:center;||height: 325px;&#8221; custom_css_main_element_tablet=&#8221;grid-column: 1\/3;||grid-row:2\/2;||||display:flex;||flex-direction:column;||align-items:center;||justify-content:center;||height: 325px;&#8221;][\/et_pb_text][\/et_pb_column][\/et_pb_row][\/et_pb_section]<\/p>\n","protected":false},"excerpt":{"rendered":"<p>Nuestra cocina conjuga los sabores tradicionales del sudeste asi\u00e1tico con los aportes tropicales de las nuevas generaciones, para crear as\u00ed una propuesta gastron\u00f3mica que enamorar\u00e1 a los paladares m\u00e1s exigentes. Nuestros rollos de sushi ofrecen las combinaciones m\u00e1s creativas, las raciones m\u00e1s generosas y ricas en prote\u00ednas.SUSHI + SABORES DEL SUDESTE ASI\u00c1TICONuestra cocina conjuga los [&hellip;]<\/p>\n","protected":false},"author":2,"featured_media":0,"parent":0,"menu_order":0,"comment_status":"closed","ping_status":"closed","template":"","meta":{"_et_pb_use_builder":"on","_et_pb_old_content":"","_et_gb_content_width":"","_monsterinsights_skip_tracking":false,"_monsterinsights_sitenote_active":false,"_monsterinsights_sitenote_note":"","_monsterinsights_sitenote_category":0,"footnotes":""},"class_list":["post-253201","page","type-page","status-publish","hentry"],"_links":{"self":[{"href":"https:\/\/nacionsushi.com\/sv\/wp-json\/wp\/v2\/pages\/253201","targetHints":{"allow":["GET"]}}],"collection":[{"href":"https:\/\/nacionsushi.com\/sv\/wp-json\/wp\/v2\/pages"}],"about":[{"href":"https:\/\/nacionsushi.com\/sv\/wp-json\/wp\/v2\/types\/page"}],"author":[{"embeddable":true,"href":"https:\/\/nacionsushi.com\/sv\/wp-json\/wp\/v2\/users\/2"}],"replies":[{"embeddable":true,"href":"https:\/\/nacionsushi.com\/sv\/wp-json\/wp\/v2\/comments?post=253201"}],"version-history":[{"count":46,"href":"https:\/\/nacionsushi.com\/sv\/wp-json\/wp\/v2\/pages\/253201\/revisions"}],"predecessor-version":[{"id":255013,"href":"https:\/\/nacionsushi.com\/sv\/wp-json\/wp\/v2\/pages\/253201\/revisions\/255013"}],"wp:attachment":[{"href":"https:\/\/nacionsushi.com\/sv\/wp-json\/wp\/v2\/media?parent=253201"}],"curies":[{"name":"wp","href":"https:\/\/api.w.org\/{rel}","templated":true}]}}